{"id":17,"date":"2023-03-28T21:57:34","date_gmt":"2023-03-28T21:57:34","guid":{"rendered":"https:\/\/temp5.albarkat.site\/?page_id=17"},"modified":"2025-08-08T12:27:10","modified_gmt":"2025-08-08T16:27:10","slug":"refund_returns","status":"publish","type":"page","link":"https:\/\/andaterra.cl\/bl\/refund_returns\/","title":{"rendered":"Pol\u00edtica de reembolsos"},"content":{"rendered":"\t\t<div data-elementor-type=\"wp-page\" data-elementor-id=\"17\" class=\"elementor elementor-17\" data-elementor-post-type=\"page\">\n\t\t\t\t\t\t<section class=\"elementor-section elementor-top-section elementor-element elementor-element-604197c elementor-section-boxed elementor-section-height-default elementor-section-height-default\" data-id=\"604197c\" data-element_type=\"section\" data-e-type=\"section\" data-settings=\"{&quot;background_background&quot;:&quot;classic&quot;}\">\n\t\t\t\t\t\t<div class=\"elementor-container elementor-column-gap-default\">\n\t\t\t\t\t<div class=\"elementor-column elementor-col-100 elementor-top-column elementor-element elementor-element-43f3841\" data-id=\"43f3841\" data-element_type=\"column\" data-e-type=\"column\">\n\t\t\t<div class=\"elementor-widget-wrap elementor-element-populated\">\n\t\t\t\t\t\t<div class=\"elementor-element elementor-element-78eebcd2 elementor-widget elementor-widget-text-editor\" data-id=\"78eebcd2\" data-element_type=\"widget\" data-e-type=\"widget\" data-widget_type=\"text-editor.default\">\n\t\t\t\t<div class=\"elementor-widget-container\">\n\t\t\t\t\t\t\t\t\t<section id=\"shipping-policy\">\n<h2><i class=\"fas fa-shipping-fast\"><\/i> Pol\u00edtica de Env\u00edo<\/h2>\n<p>En <strong>Andaterra SpA<\/strong>, estamos comprometidos con que tu pedido llegue a tus manos de forma <strong>r\u00e1pida, segura y sin complicaciones<\/strong>. Aqu\u00ed tienes los detalles clave sobre c\u00f3mo trabajamos los env\u00edos:<\/p>\n<ul>\n<li><i class=\"fas fa-truck\"><\/i> <strong>Env\u00edo gratuito:<\/strong> Ofrecemos env\u00edo <strong>nacional gratuito<\/strong> a todo Chile, sin m\u00ednimo de compra.<\/li>\n<li><i class=\"fas fa-box-open\"><\/i> <strong>Tiempo de procesamiento:<\/strong> Todos los pedidos se procesan <strong>el lunes siguiente<\/strong>&nbsp;a su recepci\u00f3n.<\/li>\n<li><i class=\"fas fa-clock\"><\/i> <strong>Tiempo de entrega:<\/strong> Dependiendo de la regi\u00f3n, la entrega puede tardar entre <strong>1 a 5 d\u00edas h\u00e1biles<\/strong>. Te enviaremos el n\u00famero de seguimiento apenas tu pedido est\u00e9 en camino.<\/li>\n<\/ul>\n<hr>\n<h2><i class=\"fas fa-undo-alt\"><\/i> Pol\u00edtica de Devoluciones<\/h2>\n<p>Queremos que quedes <strong>100% satisfecho<\/strong> con tu compra. Si por alguna raz\u00f3n no est\u00e1s conforme con tu pedido, por favor cont\u00e1ctanos y haremos todo lo posible por resolverlo de forma justa y r\u00e1pida.<\/p>\n<p><strong>Nota:<\/strong> Las pol\u00edticas de env\u00edo y devoluci\u00f3n pueden cambiar ocasionalmente. Las actualizaciones se publicar\u00e1n siempre en nuestro sitio web.<\/p>\n<hr>\n<h3><i class=\"fas fa-headset\"><\/i> \u00bfTienes dudas o necesitas ayuda?<\/h3>\n<ul>\n<li><i class=\"fas fa-envelope\"><\/i> <strong>Email:<\/strong> <a href=\"mailto:contacto@andaterra.cl\">contacto@andaterra.cl<\/a><\/li>\n<li><i class=\"fab fa-whatsapp\"><\/i> <strong>WhatsApp:<\/strong> <a href=\"https:\/\/wa.me\/56951735718\" target=\"_blank\" rel=\"noopener\">+56 9 5173 5718<\/a><\/li>\n<\/ul>\n<\/section>\t\t\t\t\t\t\t\t<\/div>\n\t\t\t\t<\/div>\n\t\t\t\t\t<\/div>\n\t\t<\/div>\n\t\t\t\t\t<\/div>\n\t\t<\/section>\n\t\t\t\t<\/div>\n\t\t","protected":false},"excerpt":{"rendered":"<p>Pol\u00edtica de Env\u00edo En Andaterra SpA, estamos comprometidos con que tu pedido llegue a tus manos de forma r\u00e1pida, segura y sin complicaciones. Aqu\u00ed tienes los detalles clave sobre c\u00f3mo trabajamos los env\u00edos: Env\u00edo gratuito: Ofrecemos env\u00edo nacional gratuito a todo Chile, sin m\u00ednimo de compra. Tiempo de procesamiento: Todos los pedidos se procesan el [&hellip;]<\/p>\n","protected":false},"author":1,"featured_media":0,"parent":0,"menu_order":0,"comment_status":"closed","ping_status":"closed","template":"","meta":{"om_disable_all_campaigns":false,"footnotes":""},"class_list":["post-17","page","type-page","status-publish","hentry"],"_links":{"self":[{"href":"https:\/\/andaterra.cl\/bl\/wp-json\/wp\/v2\/pages\/17","targetHints":{"allow":["GET"]}}],"collection":[{"href":"https:\/\/andaterra.cl\/bl\/wp-json\/wp\/v2\/pages"}],"about":[{"href":"https:\/\/andaterra.cl\/bl\/wp-json\/wp\/v2\/types\/page"}],"author":[{"embeddable":true,"href":"https:\/\/andaterra.cl\/bl\/wp-json\/wp\/v2\/users\/1"}],"replies":[{"embeddable":true,"href":"https:\/\/andaterra.cl\/bl\/wp-json\/wp\/v2\/comments?post=17"}],"version-history":[{"count":4,"href":"https:\/\/andaterra.cl\/bl\/wp-json\/wp\/v2\/pages\/17\/revisions"}],"predecessor-version":[{"id":8638,"href":"https:\/\/andaterra.cl\/bl\/wp-json\/wp\/v2\/pages\/17\/revisions\/8638"}],"wp:attachment":[{"href":"https:\/\/andaterra.cl\/bl\/wp-json\/wp\/v2\/media?parent=17"}],"curies":[{"name":"wp","href":"https:\/\/api.w.org\/{rel}","templated":true}]}}