{"id":4785,"date":"2023-04-12T09:24:49","date_gmt":"2023-04-12T09:24:49","guid":{"rendered":"https:\/\/alpaca.coffee\/?page_id=4785"},"modified":"2025-08-28T19:18:38","modified_gmt":"2025-08-28T23:18:38","slug":"coffee-essentials","status":"publish","type":"page","link":"https:\/\/andaterra.cl\/bl\/coffee-essentials\/","title":{"rendered":"Esenciales del caf\u00e9"},"content":{"rendered":"\t\t<div data-elementor-type=\"wp-page\" data-elementor-id=\"4785\" class=\"elementor elementor-4785\" data-elementor-post-type=\"page\">\n\t\t\t\t<div class=\"elementor-element elementor-element-9ae623d e-flex e-con-boxed e-con e-parent\" data-id=\"9ae623d\" data-element_type=\"container\" data-e-type=\"container\">\n\t\t\t\t\t<div class=\"e-con-inner\">\n\t\t\t\t<div class=\"elementor-element elementor-element-8eb3901 elementor-widget elementor-widget-text-editor\" data-id=\"8eb3901\" data-element_type=\"widget\" data-e-type=\"widget\" data-widget_type=\"text-editor.default\">\n\t\t\t\t<div class=\"elementor-widget-container\">\n\t\t\t\t\t\t\t\t\t<h1>Los 10 Mandamientos del Caf\u00e9<\/h1>\t\t\t\t\t\t\t\t<\/div>\n\t\t\t\t<\/div>\n\t\t\t\t\t<\/div>\n\t\t\t\t<\/div>\n\t\t<div class=\"elementor-element elementor-element-1efd622 e-flex e-con-boxed e-con e-parent\" data-id=\"1efd622\" data-element_type=\"container\" data-e-type=\"container\">\n\t\t\t\t\t<div class=\"e-con-inner\">\n\t\t<div class=\"elementor-element elementor-element-fb1c06c e-con-full e-flex e-con e-child\" data-id=\"fb1c06c\" data-element_type=\"container\" data-e-type=\"container\">\n\t\t\t\t<div class=\"elementor-element elementor-element-2481b1b elementor-widget elementor-widget-text-editor\" data-id=\"2481b1b\" data-element_type=\"widget\" data-e-type=\"widget\" data-widget_type=\"text-editor.default\">\n\t\t\t\t<div class=\"elementor-widget-container\">\n\t\t\t\t\t\t\t\t\t<ol><li data-start=\"219\" data-end=\"431\"><p data-start=\"222\" data-end=\"431\"><strong data-start=\"222\" data-end=\"245\">Honrar\u00e1s su origen.<\/strong><br data-start=\"245\" data-end=\"248\" \/>El caf\u00e9 naci\u00f3 en las tierras altas de Etiop\u00eda, donde, seg\u00fan la leyenda, un pastor lo descubri\u00f3 en el siglo IX al notar c\u00f3mo sus cabras se llenaban de energ\u00eda al comer sus frutos.<\/p><\/li><li data-start=\"433\" data-end=\"628\"><p data-start=\"436\" data-end=\"628\"><strong data-start=\"436\" data-end=\"463\">Conocer\u00e1s sus familias.<\/strong><br data-start=\"463\" data-end=\"466\" \/>Dos especies reinan en el mundo del caf\u00e9: la elegante y arom\u00e1tica <em data-start=\"535\" data-end=\"544\">Arabica<\/em>, y la intensa y robusta <em data-start=\"569\" data-end=\"578\">Robusta<\/em>. Cada una cuenta su propia historia en la taza.<\/p><\/li><li data-start=\"630\" data-end=\"806\"><p data-start=\"633\" data-end=\"806\"><strong data-start=\"633\" data-end=\"658\">Respetar\u00e1s el tueste.<\/strong><br data-start=\"658\" data-end=\"661\" \/>El tueste es un arte que transforma el grano verde en una joya arom\u00e1tica. Es aqu\u00ed donde nacen los matices, el cuerpo y el car\u00e1cter del caf\u00e9.<\/p><\/li><li data-start=\"808\" data-end=\"988\"><p data-start=\"811\" data-end=\"988\"><strong data-start=\"811\" data-end=\"840\">Medir\u00e1s bien la molienda.<\/strong><br data-start=\"840\" data-end=\"843\" \/>El tama\u00f1o del molido es la llave de la extracci\u00f3n perfecta. Muy fino, muy grueso\u2026 y el sabor se perder\u00e1. Preciso, y la taza ser\u00e1 un deleite.<\/p><\/li><li data-start=\"990\" data-end=\"1160\"><p data-start=\"993\" data-end=\"1160\"><strong data-start=\"993\" data-end=\"1014\">Cuidar\u00e1s el agua.<\/strong><br data-start=\"1014\" data-end=\"1017\" \/>La calidad y la temperatura del agua son el alma invisible de tu caf\u00e9. Un buen grano mal acompa\u00f1ado nunca podr\u00e1 mostrar todo su potencial.<\/p><\/li><li data-start=\"1162\" data-end=\"1325\"><p data-start=\"1165\" data-end=\"1325\"><strong data-start=\"1165\" data-end=\"1192\">Recordar\u00e1s su grandeza.<\/strong><br data-start=\"1192\" data-end=\"1195\" \/>Despu\u00e9s del petr\u00f3leo, el caf\u00e9 es el producto m\u00e1s comercializado del planeta. Une culturas, despierta ideas y mueve econom\u00edas.<\/p><\/li><li data-start=\"1327\" data-end=\"1525\"><p data-start=\"1330\" data-end=\"1525\"><strong data-start=\"1330\" data-end=\"1357\">Explorar\u00e1s sus caminos.<\/strong><br data-start=\"1357\" data-end=\"1360\" \/>Desde un delicado <em data-start=\"1381\" data-end=\"1392\">pour-over<\/em>, una prensa francesa o un espresso intenso, hasta un refrescante <em data-start=\"1458\" data-end=\"1469\">cold brew<\/em>\u2026 cada m\u00e9todo es un viaje distinto por el mismo grano.<\/p><\/li><li data-start=\"1527\" data-end=\"1696\"><p data-start=\"1530\" data-end=\"1696\"><strong data-start=\"1530\" data-end=\"1558\">Apreciar\u00e1s sus bondades.<\/strong><br data-start=\"1558\" data-end=\"1561\" \/>M\u00e1s que despertar tus sentidos, el caf\u00e9 puede mejorar tu concentraci\u00f3n y hasta ayudar a reducir el riesgo de ciertas enfermedades.<\/p><\/li><li data-start=\"1698\" data-end=\"1856\"><p data-start=\"1701\" data-end=\"1856\"><strong data-start=\"1701\" data-end=\"1727\">Guardar\u00e1s su frescura.<\/strong><br data-start=\"1727\" data-end=\"1730\" \/>Protege tus granos en un lugar fresco, seco y bien cerrado. As\u00ed conservar\u00e1s ese aroma que seduce desde el primer respiro.<\/p><\/li><li data-start=\"1858\" data-end=\"2070\"><p data-start=\"1862\" data-end=\"2070\"><strong data-start=\"1862\" data-end=\"1888\">Entender\u00e1s su esencia.<\/strong><br data-start=\"1888\" data-end=\"1891\" \/>El sabor del caf\u00e9 es hijo de su variedad, de la altura donde creci\u00f3, del clima que lo abraz\u00f3 y del proceso que lo transform\u00f3. Cada taza es un pedazo de tierra y de historia.<\/p><\/li><\/ol>\t\t\t\t\t\t\t\t<\/div>\n\t\t\t\t<\/div>\n\t\t\t\t<\/div>\n\t\t<div class=\"elementor-element elementor-element-9e170af e-con-full e-flex e-con e-child\" data-id=\"9e170af\" data-element_type=\"container\" data-e-type=\"container\">\n\t\t\t\t<div class=\"elementor-element elementor-element-5b0441a elementor-widget elementor-widget-image\" data-id=\"5b0441a\" data-element_type=\"widget\" data-e-type=\"widget\" data-widget_type=\"image.default\">\n\t\t\t\t<div class=\"elementor-widget-container\">\n\t\t\t\t\t\t\t\t\t\t\t\t\t\t\t<img fetchpriority=\"high\" decoding=\"async\" width=\"800\" height=\"530\" src=\"https:\/\/media.andaterra.cl\/wp-alpaca\/2023\/03\/29141949\/pexels-sonny-sixteen-9323843.jpg\" class=\"attachment-large size-large wp-image-520\" alt=\"\" \/>\t\t\t\t\t\t\t\t\t\t\t\t\t\t\t<\/div>\n\t\t\t\t<\/div>\n\t\t\t\t<\/div>\n\t\t\t\t\t<\/div>\n\t\t\t\t<\/div>\n\t\t<div class=\"elementor-element elementor-element-1456991 e-flex e-con-boxed e-con e-parent\" data-id=\"1456991\" data-element_type=\"container\" data-e-type=\"container\">\n\t\t\t\t\t<div class=\"e-con-inner\">\n\t\t\t\t<div class=\"elementor-element elementor-element-b4b57fe elementor-widget elementor-widget-heading\" data-id=\"b4b57fe\" data-element_type=\"widget\" data-e-type=\"widget\" data-widget_type=\"heading.default\">\n\t\t\t\t<div class=\"elementor-widget-container\">\n\t\t\t\t\t<h2 class=\"elementor-heading-title elementor-size-large\">Descubre nuestra escuela de caf\u00e9<\/h2>\t\t\t\t<\/div>\n\t\t\t\t<\/div>\n\t\t\t\t<div class=\"elementor-element elementor-element-ba8ccc1 elementor-widget elementor-widget-text-editor\" data-id=\"ba8ccc1\" data-element_type=\"widget\" data-e-type=\"widget\" data-widget_type=\"text-editor.default\">\n\t\t\t\t<div class=\"elementor-widget-container\">\n\t\t\t\t\t\t\t\t\t<p data-start=\"177\" data-end=\"385\">El mundo del caf\u00e9 es un universo <strong>asombrosamente<\/strong> amplio, casi una ciencia en s\u00ed misma. Hay innumerables estudios, ensayos, libros y videos que exploran cada detalle de esta apasionante bebida.<\/p><p data-start=\"387\" data-end=\"656\">En nuestra escuela de caf\u00e9, queremos acompa\u00f1arte en ese viaje de conocimiento, comenzando por lo esencial. As\u00ed, podr\u00e1s conversar con seguridad sobre los or\u00edgenes, los diferentes tipos de tostado y la fascinante historia del caf\u00e9 con tus amigos y amantes del buen sabor.<\/p><p data-start=\"658\" data-end=\"818\">Y esto es solo el comienzo: nuestra escuela se actualizar\u00e1 constantemente para mantenerte siempre informado, entretenido y con ganas de seguir descubriendo m\u00e1s.<\/p>\t\t\t\t\t\t\t\t<\/div>\n\t\t\t\t<\/div>\n\t\t\t\t<div class=\"elementor-element elementor-element-a8386d3 elementor-grid-3 elementor-grid-tablet-2 elementor-grid-mobile-1 elementor-posts--thumbnail-top elementor-widget elementor-widget-posts\" data-id=\"a8386d3\" data-element_type=\"widget\" data-e-type=\"widget\" data-settings=\"{&quot;classic_columns&quot;:&quot;3&quot;,&quot;classic_columns_tablet&quot;:&quot;2&quot;,&quot;classic_columns_mobile&quot;:&quot;1&quot;,&quot;classic_row_gap&quot;:{&quot;unit&quot;:&quot;px&quot;,&quot;size&quot;:35,&quot;sizes&quot;:[]},&quot;classic_row_gap_tablet&quot;:{&quot;unit&quot;:&quot;px&quot;,&quot;size&quot;:&quot;&quot;,&quot;sizes&quot;:[]},&quot;classic_row_gap_mobile&quot;:{&quot;unit&quot;:&quot;px&quot;,&quot;size&quot;:&quot;&quot;,&quot;sizes&quot;:[]}}\" data-widget_type=\"posts.classic\">\n\t\t\t\t<div class=\"elementor-widget-container\">\n\t\t\t\t\t\t\t<div class=\"elementor-posts-container elementor-posts elementor-posts--skin-classic elementor-grid\" role=\"list\">\n\t\t\t\t<article class=\"elementor-post elementor-grid-item post-2486 page type-page status-publish has-post-thumbnail hentry\" role=\"listitem\">\n\t\t\t\t<a class=\"elementor-post__thumbnail__link\" href=\"https:\/\/andaterra.cl\/bl\/sustainability-and-ethics\/\" tabindex=\"-1\" >\n\t\t\t<div class=\"elementor-post__thumbnail\"><img decoding=\"async\" width=\"740\" height=\"740\" src=\"https:\/\/media.andaterra.cl\/wp-alpaca\/2023\/04\/29155022\/637468210443848971coffee-beans.jpeg\" class=\"attachment-large size-large wp-image-4809\" alt=\"\" \/><\/div>\n\t\t<\/a>\n\t\t\t\t<div class=\"elementor-post__text\">\n\t\t\t\t<h3 class=\"elementor-post__title\">\n\t\t\t<a href=\"https:\/\/andaterra.cl\/bl\/sustainability-and-ethics\/\" >\n\t\t\t\tSostenibilidad y \u00c9tica\u200b\t\t\t<\/a>\n\t\t<\/h3>\n\t\t\t\t<div class=\"elementor-post__excerpt\">\n\t\t\t<p>Sostenibilidad y \u00c9tica Sostenibilidad El caf\u00e9 es un cultivo que requiere muchos recursos: agua, fertilizantes, energ\u00eda\u2026 Se estima que la industria del caf\u00e9 es responsable<\/p>\n\t\t<\/div>\n\t\t\n\t\t<a class=\"elementor-post__read-more\" href=\"https:\/\/andaterra.cl\/bl\/sustainability-and-ethics\/\" aria-label=\"Read more about Sostenibilidad y \u00c9tica\u200b\" tabindex=\"-1\" >\n\t\t\tRead More \u00bb\t\t<\/a>\n\n\t\t\t\t<\/div>\n\t\t\t\t<\/article>\n\t\t\t\t<article class=\"elementor-post elementor-grid-item post-2484 page type-page status-publish has-post-thumbnail hentry\" role=\"listitem\">\n\t\t\t\t<a class=\"elementor-post__thumbnail__link\" href=\"https:\/\/andaterra.cl\/bl\/tasting-and-cupping\/\" tabindex=\"-1\" >\n\t\t\t<div class=\"elementor-post__thumbnail\"><img decoding=\"async\" width=\"800\" height=\"534\" src=\"https:\/\/media.andaterra.cl\/wp-alpaca\/2023\/04\/29154608\/cupping-1024x683.jpg\" class=\"attachment-large size-large wp-image-3814\" alt=\"\" srcset=\"https:\/\/media.andaterra.cl\/wp-alpaca\/2023\/04\/29154608\/cupping-1024x683.jpg 1024w, https:\/\/media.andaterra.cl\/wp-alpaca\/2023\/04\/29154608\/cupping-900x600.jpg 900w, https:\/\/media.andaterra.cl\/wp-alpaca\/2023\/04\/29154608\/cupping-1000x667.jpg 1000w, https:\/\/media.andaterra.cl\/wp-alpaca\/2023\/04\/29154608\/cupping-300x200.jpg 300w, https:\/\/media.andaterra.cl\/wp-alpaca\/2023\/04\/29154608\/cupping-768x512.jpg 768w, https:\/\/media.andaterra.cl\/wp-alpaca\/2023\/04\/29154608\/cupping.jpg 1500w\" sizes=\"(max-width: 800px) 100vw, 800px\" \/><\/div>\n\t\t<\/a>\n\t\t\t\t<div class=\"elementor-post__text\">\n\t\t\t\t<h3 class=\"elementor-post__title\">\n\t\t\t<a href=\"https:\/\/andaterra.cl\/bl\/tasting-and-cupping\/\" >\n\t\t\t\tDegustaci\u00f3n y cata\t\t\t<\/a>\n\t\t<\/h3>\n\t\t\t\t<div class=\"elementor-post__excerpt\">\n\t\t\t<p>Si eres amante del caf\u00e9, seguramente has escuchado t\u00e9rminos como \u201ccata\u201d y \u201cdegustaci\u00f3n\u201d al hablar de esa experiencia especial de saborear y evaluar el caf\u00e9. Pero, \u00bfqu\u00e9 significan realmente? \u00bfY c\u00f3mo puedes entrenar tu paladar para descubrir las sutilezas que hacen \u00fanico a cada tipo de caf\u00e9?<\/p>\n\t\t<\/div>\n\t\t\n\t\t<a class=\"elementor-post__read-more\" href=\"https:\/\/andaterra.cl\/bl\/tasting-and-cupping\/\" aria-label=\"Read more about Degustaci\u00f3n y cata\" tabindex=\"-1\" >\n\t\t\tRead More \u00bb\t\t<\/a>\n\n\t\t\t\t<\/div>\n\t\t\t\t<\/article>\n\t\t\t\t<article class=\"elementor-post elementor-grid-item post-2482 page type-page status-publish has-post-thumbnail hentry\" role=\"listitem\">\n\t\t\t\t<a class=\"elementor-post__thumbnail__link\" href=\"https:\/\/andaterra.cl\/bl\/coffee-roasting\/\" tabindex=\"-1\" >\n\t\t\t<div class=\"elementor-post__thumbnail\"><img loading=\"lazy\" decoding=\"async\" width=\"800\" height=\"450\" src=\"https:\/\/media.andaterra.cl\/wp-alpaca\/2023\/04\/29145040\/Coffee-roasting.jpg\" class=\"attachment-large size-large wp-image-3601\" alt=\"\" \/><\/div>\n\t\t<\/a>\n\t\t\t\t<div class=\"elementor-post__text\">\n\t\t\t\t<h3 class=\"elementor-post__title\">\n\t\t\t<a href=\"https:\/\/andaterra.cl\/bl\/coffee-roasting\/\" >\n\t\t\t\tEl Tueste del Caf\u00e9\u200b\t\t\t<\/a>\n\t\t<\/h3>\n\t\t\t\t<div class=\"elementor-post__excerpt\">\n\t\t\t<p>El tueste es una etapa fundamental en el proceso del caf\u00e9 que determina el sabor y aroma final de cada taza. Consiste en transformar los granos de caf\u00e9 verde en granos tostados listos para preparar una bebida deliciosa y llena de matices.<\/p>\n\t\t<\/div>\n\t\t\n\t\t<a class=\"elementor-post__read-more\" href=\"https:\/\/andaterra.cl\/bl\/coffee-roasting\/\" aria-label=\"Read more about El Tueste del Caf\u00e9\u200b\" tabindex=\"-1\" >\n\t\t\tRead More \u00bb\t\t<\/a>\n\n\t\t\t\t<\/div>\n\t\t\t\t<\/article>\n\t\t\t\t<article class=\"elementor-post elementor-grid-item post-2480 page type-page status-publish has-post-thumbnail hentry\" role=\"listitem\">\n\t\t\t\t<a class=\"elementor-post__thumbnail__link\" href=\"https:\/\/andaterra.cl\/bl\/coffee-origins\/\" tabindex=\"-1\" >\n\t\t\t<div class=\"elementor-post__thumbnail\"><img loading=\"lazy\" decoding=\"async\" width=\"800\" height=\"534\" src=\"https:\/\/media.andaterra.cl\/wp-alpaca\/2023\/04\/29143049\/Ethiopia-Jabi-Tehnan-WaterAid-5-1024x683.jpg\" class=\"attachment-large size-large wp-image-2948\" alt=\"\" srcset=\"https:\/\/media.andaterra.cl\/wp-alpaca\/2023\/04\/29143049\/Ethiopia-Jabi-Tehnan-WaterAid-5-1024x683.jpg 1024w, https:\/\/media.andaterra.cl\/wp-alpaca\/2023\/04\/29143049\/Ethiopia-Jabi-Tehnan-WaterAid-5-scaled-900x600.jpg 900w, https:\/\/media.andaterra.cl\/wp-alpaca\/2023\/04\/29143049\/Ethiopia-Jabi-Tehnan-WaterAid-5-scaled-1000x666.jpg 1000w, https:\/\/media.andaterra.cl\/wp-alpaca\/2023\/04\/29143049\/Ethiopia-Jabi-Tehnan-WaterAid-5-300x200.jpg 300w, https:\/\/media.andaterra.cl\/wp-alpaca\/2023\/04\/29143049\/Ethiopia-Jabi-Tehnan-WaterAid-5-768x512.jpg 768w, https:\/\/media.andaterra.cl\/wp-alpaca\/2023\/04\/29143049\/Ethiopia-Jabi-Tehnan-WaterAid-5-1536x1024.jpg 1536w, https:\/\/media.andaterra.cl\/wp-alpaca\/2023\/04\/29143049\/Ethiopia-Jabi-Tehnan-WaterAid-5-2048x1365.jpg 2048w, https:\/\/media.andaterra.cl\/wp-alpaca\/2023\/04\/29143049\/Ethiopia-Jabi-Tehnan-WaterAid-5-scaled-scaled.jpg 1920w\" sizes=\"(max-width: 800px) 100vw, 800px\" \/><\/div>\n\t\t<\/a>\n\t\t\t\t<div class=\"elementor-post__text\">\n\t\t\t\t<h3 class=\"elementor-post__title\">\n\t\t\t<a href=\"https:\/\/andaterra.cl\/bl\/coffee-origins\/\" >\n\t\t\t\tOrigenes de caf\u00e9\t\t\t<\/a>\n\t\t<\/h3>\n\t\t\t\t<div class=\"elementor-post__excerpt\">\n\t\t\t<p>Origenes El caf\u00e9 es una de las bebidas m\u00e1s populares del mundo, y con raz\u00f3n. No solo nos brinda ese impulso de energ\u00eda necesario por<\/p>\n\t\t<\/div>\n\t\t\n\t\t<a class=\"elementor-post__read-more\" href=\"https:\/\/andaterra.cl\/bl\/coffee-origins\/\" aria-label=\"Read more about Origenes de caf\u00e9\" tabindex=\"-1\" >\n\t\t\tRead More \u00bb\t\t<\/a>\n\n\t\t\t\t<\/div>\n\t\t\t\t<\/article>\n\t\t\t\t<article class=\"elementor-post elementor-grid-item post-2470 page type-page status-publish has-post-thumbnail hentry\" role=\"listitem\">\n\t\t\t\t<a class=\"elementor-post__thumbnail__link\" href=\"https:\/\/andaterra.cl\/bl\/coffee-roasting\/french-press-2\/\" tabindex=\"-1\" >\n\t\t\t<div class=\"elementor-post__thumbnail\"><img loading=\"lazy\" decoding=\"async\" width=\"686\" height=\"1024\" src=\"https:\/\/media.andaterra.cl\/wp-alpaca\/2023\/03\/29142641\/Diseno-sin-titulo-14-686x1024.png\" class=\"attachment-large size-large wp-image-2542\" alt=\"\" srcset=\"https:\/\/media.andaterra.cl\/wp-alpaca\/2023\/03\/29142641\/Diseno-sin-titulo-14-686x1024.png 686w, https:\/\/media.andaterra.cl\/wp-alpaca\/2023\/03\/29142641\/Diseno-sin-titulo-14-600x895.png 600w, https:\/\/media.andaterra.cl\/wp-alpaca\/2023\/03\/29142641\/Diseno-sin-titulo-14-201x300.png 201w, https:\/\/media.andaterra.cl\/wp-alpaca\/2023\/03\/29142641\/Diseno-sin-titulo-14.png 717w\" sizes=\"(max-width: 686px) 100vw, 686px\" \/><\/div>\n\t\t<\/a>\n\t\t\t\t<div class=\"elementor-post__text\">\n\t\t\t\t<h3 class=\"elementor-post__title\">\n\t\t\t<a href=\"https:\/\/andaterra.cl\/bl\/coffee-roasting\/french-press-2\/\" >\n\t\t\t\tPrensa Francesa\t\t\t<\/a>\n\t\t<\/h3>\n\t\t\t\t<div class=\"elementor-post__excerpt\">\n\t\t\t<p>La prensa francesa, tambi\u00e9n conocida como cafetera de \u00e9mbolo o prensa de \u00e9mbolo, es un m\u00e9todo cl\u00e1sico y sencillo para preparar caf\u00e9. Consiste en infusionar caf\u00e9 molido grueso en agua caliente y luego separar el caf\u00e9 de los posos mediante un \u00e9mbolo.<\/p>\n\t\t<\/div>\n\t\t\n\t\t<a class=\"elementor-post__read-more\" href=\"https:\/\/andaterra.cl\/bl\/coffee-roasting\/french-press-2\/\" aria-label=\"Read more about Prensa Francesa\" tabindex=\"-1\" >\n\t\t\tRead More \u00bb\t\t<\/a>\n\n\t\t\t\t<\/div>\n\t\t\t\t<\/article>\n\t\t\t\t<\/div>\n\t\t\n\t\t\t\t\t\t<\/div>\n\t\t\t\t<\/div>\n\t\t\t\t\t<\/div>\n\t\t\t\t<\/div>\n\t\t\t\t<\/div>\n\t\t","protected":false},"excerpt":{"rendered":"<p>Los 10 Mandamientos del Caf\u00e9 Honrar\u00e1s su origen.El caf\u00e9 naci\u00f3 en las tierras altas de Etiop\u00eda, donde, seg\u00fan la leyenda, un pastor lo descubri\u00f3 en el siglo IX al notar c\u00f3mo sus cabras se llenaban de energ\u00eda al comer sus frutos. Conocer\u00e1s sus familias.Dos especies reinan en el mundo del caf\u00e9: la elegante y arom\u00e1tica [&hellip;]<\/p>\n","protected":false},"author":1,"featured_media":0,"parent":0,"menu_order":0,"comment_status":"closed","ping_status":"closed","template":"","meta":{"om_disable_all_campaigns":false,"footnotes":""},"class_list":["post-4785","page","type-page","status-publish","hentry"],"_links":{"self":[{"href":"https:\/\/andaterra.cl\/bl\/wp-json\/wp\/v2\/pages\/4785","targetHints":{"allow":["GET"]}}],"collection":[{"href":"https:\/\/andaterra.cl\/bl\/wp-json\/wp\/v2\/pages"}],"about":[{"href":"https:\/\/andaterra.cl\/bl\/wp-json\/wp\/v2\/types\/page"}],"author":[{"embeddable":true,"href":"https:\/\/andaterra.cl\/bl\/wp-json\/wp\/v2\/users\/1"}],"replies":[{"embeddable":true,"href":"https:\/\/andaterra.cl\/bl\/wp-json\/wp\/v2\/comments?post=4785"}],"version-history":[{"count":7,"href":"https:\/\/andaterra.cl\/bl\/wp-json\/wp\/v2\/pages\/4785\/revisions"}],"predecessor-version":[{"id":8654,"href":"https:\/\/andaterra.cl\/bl\/wp-json\/wp\/v2\/pages\/4785\/revisions\/8654"}],"wp:attachment":[{"href":"https:\/\/andaterra.cl\/bl\/wp-json\/wp\/v2\/media?parent=4785"}],"curies":[{"name":"wp","href":"https:\/\/api.w.org\/{rel}","templated":true}]}}