{"id":8714,"date":"2025-11-13T12:53:59","date_gmt":"2025-11-13T15:53:59","guid":{"rendered":"https:\/\/andaterra.cl\/?page_id=8714"},"modified":"2025-11-13T14:50:13","modified_gmt":"2025-11-13T17:50:13","slug":"cotizacion-laas","status":"publish","type":"page","link":"https:\/\/andaterra.cl\/bl\/cotizacion-laas\/","title":{"rendered":"Cotizaci\u00f3n LAAS"},"content":{"rendered":"\t\t<div data-elementor-type=\"wp-page\" data-elementor-id=\"8714\" class=\"elementor elementor-8714\" data-elementor-post-type=\"page\">\n\t\t\t\t<div class=\"elementor-element elementor-element-3753428 e-flex e-con-boxed e-con e-parent\" data-id=\"3753428\" data-element_type=\"container\" data-e-type=\"container\">\n\t\t\t\t\t<div class=\"e-con-inner\">\n\t\t\t\t\t<\/div>\n\t\t\t\t<\/div>\n\t\t\t\t<section class=\"elementor-section elementor-top-section elementor-element elementor-element-52bc7eb elementor-section-boxed elementor-section-height-default elementor-section-height-default\" data-id=\"52bc7eb\" data-element_type=\"section\" data-e-type=\"section\" data-settings=\"{&quot;background_background&quot;:&quot;classic&quot;}\">\n\t\t\t\t\t\t<div class=\"elementor-container elementor-column-gap-default\">\n\t\t\t\t\t<div class=\"elementor-column elementor-col-100 elementor-top-column elementor-element elementor-element-8d99590\" data-id=\"8d99590\" data-element_type=\"column\" data-e-type=\"column\">\n\t\t\t<div class=\"elementor-widget-wrap elementor-element-populated\">\n\t\t\t\t\t\t<section class=\"elementor-section elementor-inner-section elementor-element elementor-element-15089b9 elementor-section-boxed elementor-section-height-default elementor-section-height-default\" data-id=\"15089b9\" data-element_type=\"section\" data-e-type=\"section\" data-settings=\"{&quot;background_background&quot;:&quot;classic&quot;}\">\n\t\t\t\t\t\t<div class=\"elementor-container elementor-column-gap-default\">\n\t\t\t\t\t<div class=\"elementor-column elementor-col-50 elementor-inner-column elementor-element elementor-element-22e3597\" data-id=\"22e3597\" data-element_type=\"column\" data-e-type=\"column\">\n\t\t\t<div class=\"elementor-widget-wrap elementor-element-populated\">\n\t\t\t\t\t\t<div class=\"elementor-element elementor-element-8d83717 elementor-widget elementor-widget-heading\" data-id=\"8d83717\" data-element_type=\"widget\" data-e-type=\"widget\" data-widget_type=\"heading.default\">\n\t\t\t\t<div class=\"elementor-widget-container\">\n\t\t\t\t\t<h3 class=\"elementor-heading-title elementor-size-default\">Trae el caf\u00e9 de tus sue\u00f1os a Chile! Log\u00edstica y Aduana sin Estr\u00e9s.<\/h3>\t\t\t\t<\/div>\n\t\t\t\t<\/div>\n\t\t\t\t<div class=\"elementor-element elementor-element-f8358aa elementor-widget elementor-widget-text-editor\" data-id=\"f8358aa\" data-element_type=\"widget\" data-e-type=\"widget\" data-widget_type=\"text-editor.default\">\n\t\t\t\t<div class=\"elementor-widget-container\">\n\t\t\t\t\t\t\t\t\t<section id=\"contact\" style=\"font-family: Arial, sans-serif; max-width: 500px; margin: auto; padding: 20px;\"><p>En <b>Andaterra<\/b>, sabemos que importar caf\u00e9 puede ser complejo. Por eso, hemos creado nuestro servicio de <b>Log\u00edstica como Servicio (LAAS)<\/b>, dise\u00f1ado para <b>simplificar<\/b> todo el proceso, desde el origen hasta tu bodega en Chile.<\/p><h3><b>\u00bfQu\u00e9 hacemos por ti?<\/b><\/h3><ul><li><p><b>Recolecci\u00f3n Global:<\/b> Gestionamos el movimiento de <b>cualquier cantidad<\/b> de caf\u00e9 (desde pallets hasta contenedores) desde el pa\u00eds productor.<\/p><\/li><li><p><b>Asesor\u00eda Aduanera Especializada:<\/b> Nos encargamos de todos los tr\u00e1mites de importaci\u00f3n, regulaciones y documentos chilenos, garantizando un proceso r\u00e1pido y conforme a la ley.<\/p><\/li><li><p><b>Entrega Final Segura:<\/b> Llevamos tu caf\u00e9 directamente a la direcci\u00f3n de destino que indiques en Chile.<\/p><\/li><\/ul><blockquote><p><b>Tu enfoque debe estar en tostar y vender el mejor caf\u00e9. El nuestro, en moverlo.<\/b><\/p><\/blockquote><p><b>Completa el siguiente formulario<\/b> y en menos de 48 horas te contactaremos para coordinar un plan log\u00edstico a la medida de tus necesidades.<\/p><ul style=\"list-style: none; padding: 0; font-size: 1.1em;\"><li style=\"margin-bottom: 10px;\"><strong>Email:<\/strong><br \/><a href=\"mailto:contacto@andaterra.cl\">contacto@andaterra.cl<\/a><\/li><li style=\"margin-bottom: 10px;\"><i class=\"fas fa-phone-alt\"><\/i><strong>\u00a0Tel\u00e9fono:<\/strong><br \/><a href=\"tel:+56951735718\">+56 9 5173 5718<\/a><\/li><li style=\"margin-bottom: 10px;\"><i class=\"fab fa-whatsapp\"><\/i><strong>\u00a0WhatsApp:<\/strong><br \/><a href=\"https:\/\/wa.me\/56951735718\" target=\"_blank\" rel=\"noopener\">Enviar mensaje<\/a><\/li><li>\u00a0<\/li><\/ul><ul style=\"list-style: none; padding: 0; font-size: 1.1em;\"><li style=\"margin-bottom: 10px;\"><b>Tambi\u00e9n puedes usar el chat en la esquina de esta p\u00e1gina para contactarnos<\/b><\/li><\/ul><\/section><p><!-- Font Awesome CDN (include in your <head> if not already) --><\/p>\t\t\t\t\t\t\t\t<\/div>\n\t\t\t\t<\/div>\n\t\t\t\t\t<\/div>\n\t\t<\/div>\n\t\t\t\t<div class=\"elementor-column elementor-col-50 elementor-inner-column elementor-element elementor-element-0842a2f\" data-id=\"0842a2f\" data-element_type=\"column\" data-e-type=\"column\">\n\t\t\t<div class=\"elementor-widget-wrap elementor-element-populated\">\n\t\t\t\t\t\t<div class=\"elementor-element elementor-element-0a5d89f elementor-widget elementor-widget-heading\" data-id=\"0a5d89f\" data-element_type=\"widget\" data-e-type=\"widget\" data-widget_type=\"heading.default\">\n\t\t\t\t<div class=\"elementor-widget-container\">\n\t\t\t\t\t<h2 class=\"elementor-heading-title elementor-size-default\">Llena este formulario<\/h2>\t\t\t\t<\/div>\n\t\t\t\t<\/div>\n\t\t\t\t<div class=\"elementor-element elementor-element-e5cfe1c elementor-widget elementor-widget-text-editor\" data-id=\"e5cfe1c\" data-element_type=\"widget\" data-e-type=\"widget\" data-widget_type=\"text-editor.default\">\n\t\t\t\t<div class=\"elementor-widget-container\">\n\t\t\t\t\t\t\t\t\t<blockquote><p><b>No te sientas presionado(a) a completar todos los campos. Solo incluye la informaci\u00f3n con la que te sientas c\u00f3modo(a) en este momento. \u00a1Mientras m\u00e1s detalles, mejor ser\u00e1 nuestra cotizaci\u00f3n!<\/b><\/p><\/blockquote>\t\t\t\t\t\t\t\t<\/div>\n\t\t\t\t<\/div>\n\t\t\t\t<div class=\"elementor-element elementor-element-4d73434 elementor-button-align-stretch elementor-widget elementor-widget-form\" data-id=\"4d73434\" data-element_type=\"widget\" data-e-type=\"widget\" data-settings=\"{&quot;button_width&quot;:&quot;30&quot;,&quot;step_next_label&quot;:&quot;Next&quot;,&quot;step_previous_label&quot;:&quot;Previous&quot;,&quot;step_type&quot;:&quot;number_text&quot;,&quot;step_icon_shape&quot;:&quot;circle&quot;}\" data-widget_type=\"form.default\">\n\t\t\t\t<div class=\"elementor-widget-container\">\n\t\t\t\t\t\t\t<form class=\"elementor-form\" method=\"post\" name=\"New Form\" aria-label=\"New Form\">\n\t\t\t<input type=\"hidden\" name=\"post_id\" value=\"8714\"\/>\n\t\t\t<input type=\"hidden\" name=\"form_id\" value=\"4d73434\"\/>\n\t\t\t<input type=\"hidden\" name=\"referer_title\" value=\"\" \/>\n\n\t\t\t\n\t\t\t<div class=\"elementor-form-fields-wrapper elementor-labels-\">\n\t\t\t\t\t\t\t\t<div class=\"elementor-field-type-text elementor-field-group elementor-column elementor-field-group-name elementor-col-100 elementor-field-required\">\n\t\t\t\t\t\t\t\t\t\t\t\t<label for=\"form-field-name\" class=\"elementor-field-label elementor-screen-only\">\n\t\t\t\t\t\t\t\t* Nombre\t\t\t\t\t\t\t<\/label>\n\t\t\t\t\t\t\t\t\t\t\t\t\t\t<input size=\"1\" type=\"text\" name=\"form_fields[name]\" id=\"form-field-name\" class=\"elementor-field elementor-size-sm  elementor-field-textual\" placeholder=\"* Nombre\" required=\"required\">\n\t\t\t\t\t\t\t\t\t\t\t<\/div>\n\t\t\t\t\t\t\t\t<div class=\"elementor-field-type-email elementor-field-group elementor-column elementor-field-group-email elementor-col-100 elementor-field-required\">\n\t\t\t\t\t\t\t\t\t\t\t\t<label for=\"form-field-email\" class=\"elementor-field-label elementor-screen-only\">\n\t\t\t\t\t\t\t\t* Email\t\t\t\t\t\t\t<\/label>\n\t\t\t\t\t\t\t\t\t\t\t\t\t\t<input size=\"1\" type=\"email\" name=\"form_fields[email]\" id=\"form-field-email\" class=\"elementor-field elementor-size-sm  elementor-field-textual\" placeholder=\"* Email\" required=\"required\">\n\t\t\t\t\t\t\t\t\t\t\t<\/div>\n\t\t\t\t\t\t\t\t<div class=\"elementor-field-type-textarea elementor-field-group elementor-column elementor-field-group-message elementor-col-100\">\n\t\t\t\t\t\t\t\t\t\t\t\t<label for=\"form-field-message\" class=\"elementor-field-label elementor-screen-only\">\n\t\t\t\t\t\t\t\tWhatsApp (Para contacto r\u00e1pido)\t\t\t\t\t\t\t<\/label>\n\t\t\t\t\t\t<textarea class=\"elementor-field-textual elementor-field  elementor-size-sm\" name=\"form_fields[message]\" id=\"form-field-message\" rows=\"1\" placeholder=\"WhatsApp (Para contacto r\u00e1pido)\"><\/textarea>\t\t\t\t<\/div>\n\t\t\t\t\t\t\t\t<div class=\"elementor-field-type-textarea elementor-field-group elementor-column elementor-field-group-field_188ddc2 elementor-col-100\">\n\t\t\t\t\t\t\t\t\t\t\t\t<label for=\"form-field-field_188ddc2\" class=\"elementor-field-label elementor-screen-only\">\n\t\t\t\t\t\t\t\tDirecci\u00f3n de Entrega Final en Chile\t\t\t\t\t\t\t<\/label>\n\t\t\t\t\t\t<textarea class=\"elementor-field-textual elementor-field  elementor-size-sm\" name=\"form_fields[field_188ddc2]\" id=\"form-field-field_188ddc2\" rows=\"1\" placeholder=\"Direcci\u00f3n de Entrega Final en Chile\"><\/textarea>\t\t\t\t<\/div>\n\t\t\t\t\t\t\t\t<div class=\"elementor-field-type-textarea elementor-field-group elementor-column elementor-field-group-field_9959e7b elementor-col-100\">\n\t\t\t\t\t\t\t\t\t\t\t\t<label for=\"form-field-field_9959e7b\" class=\"elementor-field-label elementor-screen-only\">\n\t\t\t\t\t\t\t\tPa\u00eds de Origen \/ Exportaci\u00f3n\t\t\t\t\t\t\t<\/label>\n\t\t\t\t\t\t<textarea class=\"elementor-field-textual elementor-field  elementor-size-sm\" name=\"form_fields[field_9959e7b]\" id=\"form-field-field_9959e7b\" rows=\"1\" placeholder=\"Pa\u00eds de Origen \/ Exportaci\u00f3n\"><\/textarea>\t\t\t\t<\/div>\n\t\t\t\t\t\t\t\t<div class=\"elementor-field-type-select elementor-field-group elementor-column elementor-field-group-field_642ee8a elementor-col-100\">\n\t\t\t\t\t\t\t\t\t\t\t\t<label for=\"form-field-field_642ee8a\" class=\"elementor-field-label elementor-screen-only\">\n\t\t\t\t\t\t\t\tEtapa Actual de la Negociaci\u00f3n\t\t\t\t\t\t\t<\/label>\n\t\t\t\t\t\t\t\t<div class=\"elementor-field elementor-select-wrapper remove-before \">\n\t\t\t<div class=\"select-caret-down-wrapper\">\n\t\t\t\t<svg aria-hidden=\"true\" class=\"e-font-icon-svg e-eicon-caret-down\" viewBox=\"0 0 571.4 571.4\" xmlns=\"http:\/\/www.w3.org\/2000\/svg\"><path d=\"M571 393Q571 407 561 418L311 668Q300 679 286 679T261 668L11 418Q0 407 0 393T11 368 36 357H536Q550 357 561 368T571 393Z\"><\/path><\/svg>\t\t\t<\/div>\n\t\t\t<select name=\"form_fields[field_642ee8a]\" id=\"form-field-field_642ee8a\" class=\"elementor-field-textual elementor-size-sm\">\n\t\t\t\t\t\t\t\t\t<option value=\"A\u00fan no he contactado al exportador.\" selected=\"selected\">A\u00fan no he contactado al exportador.<\/option>\n\t\t\t\t\t\t\t\t\t<option value=\"Estamos en negociaciones de precio y volumen.\">Estamos en negociaciones de precio y volumen.<\/option>\n\t\t\t\t\t\t\t\t\t<option value=\"Tenemos un acuerdo, solo falta el env\u00edo.\">Tenemos un acuerdo, solo falta el env\u00edo.<\/option>\n\t\t\t\t\t\t\t\t\t<option value=\"El caf\u00e9 ya est\u00e1 listo para ser recogido.\">El caf\u00e9 ya est\u00e1 listo para ser recogido.<\/option>\n\t\t\t\t\t\t\t<\/select>\n\t\t<\/div>\n\t\t\t\t\t\t<\/div>\n\t\t\t\t\t\t\t\t<div class=\"elementor-field-type-textarea elementor-field-group elementor-column elementor-field-group-field_cd61d14 elementor-col-100\">\n\t\t\t\t\t\t\t\t\t\t\t\t<label for=\"form-field-field_cd61d14\" class=\"elementor-field-label elementor-screen-only\">\n\t\t\t\t\t\t\t\tContacto del Productor\/Exportador\t\t\t\t\t\t\t<\/label>\n\t\t\t\t\t\t<textarea class=\"elementor-field-textual elementor-field  elementor-size-sm\" name=\"form_fields[field_cd61d14]\" id=\"form-field-field_cd61d14\" rows=\"1\" placeholder=\"Contacto del Productor\/Exportador\"><\/textarea>\t\t\t\t<\/div>\n\t\t\t\t\t\t\t\t<div class=\"elementor-field-type-textarea elementor-field-group elementor-column elementor-field-group-field_864974b elementor-col-100\">\n\t\t\t\t\t\t\t\t\t\t\t\t<label for=\"form-field-field_864974b\" class=\"elementor-field-label elementor-screen-only\">\n\t\t\t\t\t\t\t\tVolumen\/Cantidad de Caf\u00e9 (en kg o sacos)\t\t\t\t\t\t\t<\/label>\n\t\t\t\t\t\t<textarea class=\"elementor-field-textual elementor-field  elementor-size-sm\" name=\"form_fields[field_864974b]\" id=\"form-field-field_864974b\" rows=\"1\" placeholder=\"Volumen\/Cantidad de Caf\u00e9 (en kg o sacos)\"><\/textarea>\t\t\t\t<\/div>\n\t\t\t\t\t\t\t\t<div class=\"elementor-field-type-textarea elementor-field-group elementor-column elementor-field-group-field_d6bca24 elementor-col-100\">\n\t\t\t\t\t\t\t\t\t\t\t\t<label for=\"form-field-field_d6bca24\" class=\"elementor-field-label elementor-screen-only\">\n\t\t\t\t\t\t\t\tTipo de Empaque (Sacos de yute, cajas, etc.)\t\t\t\t\t\t\t<\/label>\n\t\t\t\t\t\t<textarea class=\"elementor-field-textual elementor-field  elementor-size-sm\" name=\"form_fields[field_d6bca24]\" id=\"form-field-field_d6bca24\" rows=\"2\" placeholder=\"Tipo de Empaque (Sacos de yute, cajas, etc.)\"><\/textarea>\t\t\t\t<\/div>\n\t\t\t\t\t\t\t\t<div class=\"elementor-field-type-textarea elementor-field-group elementor-column elementor-field-group-field_27caa2c elementor-col-100\">\n\t\t\t\t\t\t\t\t\t\t\t\t<label for=\"form-field-field_27caa2c\" class=\"elementor-field-label elementor-screen-only\">\n\t\t\t\t\t\t\t\tAsistencia Requerida (Negociaci\u00f3n, transacci\u00f3n, Log\u00edstica y Aduana, etc)\t\t\t\t\t\t\t<\/label>\n\t\t\t\t\t\t<textarea class=\"elementor-field-textual elementor-field  elementor-size-sm\" name=\"form_fields[field_27caa2c]\" id=\"form-field-field_27caa2c\" rows=\"2\" placeholder=\"Asistencia Requerida (Negociaci\u00f3n, transacci\u00f3n, Log\u00edstica y Aduana, etc)\"><\/textarea>\t\t\t\t<\/div>\n\t\t\t\t\t\t\t\t<div class=\"elementor-field-type-textarea elementor-field-group elementor-column elementor-field-group-field_0ccb826 elementor-col-100\">\n\t\t\t\t\t\t\t\t\t\t\t\t<label for=\"form-field-field_0ccb826\" class=\"elementor-field-label elementor-screen-only\">\n\t\t\t\t\t\t\t\tInformaci\u00f3n que nos quieras compartir\t\t\t\t\t\t\t<\/label>\n\t\t\t\t\t\t<textarea class=\"elementor-field-textual elementor-field  elementor-size-sm\" name=\"form_fields[field_0ccb826]\" id=\"form-field-field_0ccb826\" rows=\"4\" placeholder=\"Informaci\u00f3n que nos quieras compartir\"><\/textarea>\t\t\t\t<\/div>\n\t\t\t\t\t\t\t\t<div class=\"elementor-field-group elementor-column elementor-field-type-submit elementor-col-30 e-form__buttons\">\n\t\t\t\t\t<button class=\"elementor-button elementor-size-sm\" type=\"submit\">\n\t\t\t\t\t\t<span class=\"elementor-button-content-wrapper\">\n\t\t\t\t\t\t\t\t\t\t\t\t\t\t\t\t\t\t\t\t\t\t<span class=\"elementor-button-text\">Submit<\/span>\n\t\t\t\t\t\t\t\t\t\t\t\t\t<\/span>\n\t\t\t\t\t<\/button>\n\t\t\t\t<\/div>\n\t\t\t<\/div>\n\t\t<\/form>\n\t\t\t\t\t\t<\/div>\n\t\t\t\t<\/div>\n\t\t\t\t\t<\/div>\n\t\t<\/div>\n\t\t\t\t\t<\/div>\n\t\t<\/section>\n\t\t\t\t\t<\/div>\n\t\t<\/div>\n\t\t\t\t\t<\/div>\n\t\t<\/section>\n\t\t\t\t<\/div>\n\t\t","protected":false},"excerpt":{"rendered":"<p>Trae el caf\u00e9 de tus sue\u00f1os a Chile! Log\u00edstica y Aduana sin Estr\u00e9s. En Andaterra, sabemos que importar caf\u00e9 puede ser complejo. Por eso, hemos creado nuestro servicio de Log\u00edstica como Servicio (LAAS), dise\u00f1ado para simplificar todo el proceso, desde el origen hasta tu bodega en Chile. \u00bfQu\u00e9 hacemos por ti? Recolecci\u00f3n Global: Gestionamos el [&hellip;]<\/p>\n","protected":false},"author":1,"featured_media":0,"parent":0,"menu_order":0,"comment_status":"closed","ping_status":"closed","template":"","meta":{"om_disable_all_campaigns":false,"footnotes":""},"class_list":["post-8714","page","type-page","status-publish","hentry"],"_links":{"self":[{"href":"https:\/\/andaterra.cl\/bl\/wp-json\/wp\/v2\/pages\/8714","targetHints":{"allow":["GET"]}}],"collection":[{"href":"https:\/\/andaterra.cl\/bl\/wp-json\/wp\/v2\/pages"}],"about":[{"href":"https:\/\/andaterra.cl\/bl\/wp-json\/wp\/v2\/types\/page"}],"author":[{"embeddable":true,"href":"https:\/\/andaterra.cl\/bl\/wp-json\/wp\/v2\/users\/1"}],"replies":[{"embeddable":true,"href":"https:\/\/andaterra.cl\/bl\/wp-json\/wp\/v2\/comments?post=8714"}],"version-history":[{"count":17,"href":"https:\/\/andaterra.cl\/bl\/wp-json\/wp\/v2\/pages\/8714\/revisions"}],"predecessor-version":[{"id":8888,"href":"https:\/\/andaterra.cl\/bl\/wp-json\/wp\/v2\/pages\/8714\/revisions\/8888"}],"wp:attachment":[{"href":"https:\/\/andaterra.cl\/bl\/wp-json\/wp\/v2\/media?parent=8714"}],"curies":[{"name":"wp","href":"https:\/\/api.w.org\/{rel}","templated":true}]}}