{"id":8733,"date":"2025-11-13T13:44:10","date_gmt":"2025-11-13T16:44:10","guid":{"rendered":"https:\/\/andaterra.cl\/?page_id=8733"},"modified":"2025-11-13T14:44:54","modified_gmt":"2025-11-13T17:44:54","slug":"trae-tu-cafe-a-tus-clientes-chilenos","status":"publish","type":"page","link":"https:\/\/andaterra.cl\/bl\/trae-tu-cafe-a-tus-clientes-chilenos\/","title":{"rendered":"Trae tu caf\u00e9 a tus clientes Chilenos"},"content":{"rendered":"\t\t<div data-elementor-type=\"wp-page\" data-elementor-id=\"8733\" class=\"elementor elementor-8733\" data-elementor-post-type=\"page\">\n\t\t\t\t<div class=\"elementor-element elementor-element-0941c07 e-flex e-con-boxed e-con e-parent\" data-id=\"0941c07\" data-element_type=\"container\" data-e-type=\"container\">\n\t\t\t\t\t<div class=\"e-con-inner\">\n\t\t\t\t\t<\/div>\n\t\t\t\t<\/div>\n\t\t\t\t<section class=\"elementor-section elementor-top-section elementor-element elementor-element-8514b8f elementor-section-boxed elementor-section-height-default elementor-section-height-default\" data-id=\"8514b8f\" data-element_type=\"section\" data-e-type=\"section\" data-settings=\"{&quot;background_background&quot;:&quot;classic&quot;}\">\n\t\t\t\t\t\t<div class=\"elementor-container elementor-column-gap-default\">\n\t\t\t\t\t<div class=\"elementor-column elementor-col-100 elementor-top-column elementor-element elementor-element-9c274d5\" data-id=\"9c274d5\" data-element_type=\"column\" data-e-type=\"column\">\n\t\t\t<div class=\"elementor-widget-wrap elementor-element-populated\">\n\t\t\t\t\t\t<section class=\"elementor-section elementor-inner-section elementor-element elementor-element-e6ac21f elementor-section-boxed elementor-section-height-default elementor-section-height-default\" data-id=\"e6ac21f\" data-element_type=\"section\" data-e-type=\"section\" data-settings=\"{&quot;background_background&quot;:&quot;classic&quot;}\">\n\t\t\t\t\t\t<div class=\"elementor-container elementor-column-gap-default\">\n\t\t\t\t\t<div class=\"elementor-column elementor-col-50 elementor-inner-column elementor-element elementor-element-7607aa1\" data-id=\"7607aa1\" data-element_type=\"column\" data-e-type=\"column\">\n\t\t\t<div class=\"elementor-widget-wrap elementor-element-populated\">\n\t\t\t\t\t\t<div class=\"elementor-element elementor-element-bc18be5 elementor-widget elementor-widget-heading\" data-id=\"bc18be5\" data-element_type=\"widget\" data-e-type=\"widget\" data-widget_type=\"heading.default\">\n\t\t\t\t<div class=\"elementor-widget-container\">\n\t\t\t\t\t<h3 class=\"elementor-heading-title elementor-size-default\">Solucione las Dificultades de sus Clientes en Chile: Log\u00edstica, Aduana y Transacciones Consolidada<\/h3>\t\t\t\t<\/div>\n\t\t\t\t<\/div>\n\t\t\t\t<div class=\"elementor-element elementor-element-9929f8a elementor-widget elementor-widget-text-editor\" data-id=\"9929f8a\" data-element_type=\"widget\" data-e-type=\"widget\" data-widget_type=\"text-editor.default\">\n\t\t\t\t<div class=\"elementor-widget-container\">\n\t\t\t\t\t\t\t\t\t<p>Como exportador, sus clientes chilenos a menudo enfrentan dos grandes problemas al comprar caf\u00e9: el alto costo de los env\u00edos peque\u00f1os (<b>LCL<\/b>) y la complejidad de la importaci\u00f3n.<\/p><p><b>Andaterra<\/b> ofrece la soluci\u00f3n perfecta, permiti\u00e9ndole aumentar sus ventas en Chile.<\/p><h3><b>El Problema del Exportador (y de su Cliente):<\/b><\/h3><ul><li><p>Sus clientes chilenos compran poco volumen y el costo del flete por saco es muy alto.<\/p><\/li><li><p>Usted tiene que gestionar m\u00faltiples env\u00edos, documentos de exportaci\u00f3n y la seguridad de las transacciones internacionales.<\/p><\/li><li><p>El cliente chileno debe lidiar con la aduana y la log\u00edstica interna, lo que lo frena para comprar m\u00e1s.<\/p><\/li><\/ul><h3><b>La Soluci\u00f3n Andaterra: Consolidaci\u00f3n y Facilidad Total<\/b><\/h3><p>Nos posicionamos como su socio log\u00edstico en Chile para convertir m\u00faltiples \u00f3rdenes en un \u00fanico env\u00edo eficiente, <b>asumiendo las complejidades log\u00edsticas y financieras:<\/b><\/p><ol start=\"1\"><li><p><b>Consolidaci\u00f3n de \u00d3rdenes (FCL):<\/b> Sus clientes pueden coordinar y <b>consolidar sus pedidos peque\u00f1os<\/b> en un \u00fanico contenedor (FCL) bajo su nombre, lo que reduce dr\u00e1sticamente el costo por unidad.<\/p><\/li><li><p><b>Gesti\u00f3n de Transacciones:<\/b> Contamos con <b>socios internacionales<\/b> y apoyo para gestionar la seguridad y el flujo de las transacciones de pago, facilitando la venta.<\/p><\/li><li><p><b>Importador de Registro (IOR):<\/b> Andaterra act\u00faa como el <b>Importador de Registro (IOR)<\/b>, asumiendo la responsabilidad legal y aduanera en Chile. Esto elimina el riesgo y la complejidad para sus clientes.<\/p><\/li><li><p><b>Log\u00edstica Interna:<\/b> Gestionamos la desconsolidaci\u00f3n y el transporte interno para entregar cada pedido en la bodega de su cliente final en Chile.<\/p><\/li><\/ol><blockquote><p><b>Usted se enfoca en vender caf\u00e9. Nosotros nos encargamos de que llegue sin problemas, asumiendo la carga aduanera, log\u00edstica y el soporte transaccional.<\/b><\/p><ul style=\"list-style: none; padding: 0; font-size: 1.1em;\"><li style=\"margin-bottom: 10px;\"><strong>Email:<\/strong><br \/><a href=\"mailto:contacto@andaterra.cl\">contacto@andaterra.cl<\/a><\/li><li style=\"margin-bottom: 10px;\"><i class=\"fas fa-phone-alt\"><\/i><strong>\u00a0Tel\u00e9fono:<\/strong><br \/><a href=\"tel:+56951735718\">+56 9 5173 5718<\/a><\/li><li style=\"margin-bottom: 10px;\"><i class=\"fab fa-whatsapp\"><\/i><strong>\u00a0WhatsApp:<\/strong><br \/><a href=\"https:\/\/wa.me\/56951735718\" target=\"_blank\" rel=\"noopener\">Enviar mensaje<\/a><\/li><li>\u00a0<\/li><\/ul><ul style=\"list-style: none; padding: 0; font-size: 1.1em;\"><li style=\"margin-bottom: 10px;\"><b>Tambi\u00e9n puedes usar el chat en la esquina de esta p\u00e1gina para contactarnos<\/b><\/li><\/ul><\/blockquote>\t\t\t\t\t\t\t\t<\/div>\n\t\t\t\t<\/div>\n\t\t\t\t\t<\/div>\n\t\t<\/div>\n\t\t\t\t<div class=\"elementor-column elementor-col-50 elementor-inner-column elementor-element elementor-element-aa128f1\" data-id=\"aa128f1\" data-element_type=\"column\" data-e-type=\"column\">\n\t\t\t<div class=\"elementor-widget-wrap elementor-element-populated\">\n\t\t\t\t\t\t<div class=\"elementor-element elementor-element-6af3eeb elementor-widget elementor-widget-heading\" data-id=\"6af3eeb\" data-element_type=\"widget\" data-e-type=\"widget\" data-widget_type=\"heading.default\">\n\t\t\t\t<div class=\"elementor-widget-container\">\n\t\t\t\t\t<h2 class=\"elementor-heading-title elementor-size-default\">Llena este formulario<\/h2>\t\t\t\t<\/div>\n\t\t\t\t<\/div>\n\t\t\t\t<div class=\"elementor-element elementor-element-c4ea960 elementor-widget elementor-widget-text-editor\" data-id=\"c4ea960\" data-element_type=\"widget\" data-e-type=\"widget\" data-widget_type=\"text-editor.default\">\n\t\t\t\t<div class=\"elementor-widget-container\">\n\t\t\t\t\t\t\t\t\t<blockquote><p><b>\u00a1Si\u00e9ntase libre de completar este formulario en el idioma con el que se sienta m\u00e1s c\u00f3modo (espa\u00f1ol, ingl\u00e9s o portugu\u00e9s)! Nuestro equipo es multiling\u00fce y podemos procesar su solicitud sin problemas.<\/b><\/p><p><em>Feel free to fill this form out in the language you are most comfortable with (Spanish, English, or Portuguese)! Our team is multilingual and can process your request smoothly.<\/em><\/p><p><em>Sinta-se \u00e0 vontade para preencher este formul\u00e1rio no idioma com o qual se sentir mais confort\u00e1vel (espanhol, ingl\u00eas ou portugu\u00eas)! Nossa equipe \u00e9 multil\u00edngue e podemos processar sua solicita\u00e7\u00e3o sem problemas.<\/em><\/p><\/blockquote>\t\t\t\t\t\t\t\t<\/div>\n\t\t\t\t<\/div>\n\t\t\t\t<div class=\"elementor-element elementor-element-715e0bb elementor-button-align-stretch elementor-widget elementor-widget-form\" data-id=\"715e0bb\" data-element_type=\"widget\" data-e-type=\"widget\" data-settings=\"{&quot;button_width&quot;:&quot;30&quot;,&quot;step_next_label&quot;:&quot;Next&quot;,&quot;step_previous_label&quot;:&quot;Previous&quot;,&quot;step_type&quot;:&quot;number_text&quot;,&quot;step_icon_shape&quot;:&quot;circle&quot;}\" data-widget_type=\"form.default\">\n\t\t\t\t<div class=\"elementor-widget-container\">\n\t\t\t\t\t\t\t<form class=\"elementor-form\" method=\"post\" name=\"New Form\" aria-label=\"New Form\">\n\t\t\t<input type=\"hidden\" name=\"post_id\" value=\"8733\"\/>\n\t\t\t<input type=\"hidden\" name=\"form_id\" value=\"715e0bb\"\/>\n\t\t\t<input type=\"hidden\" name=\"referer_title\" value=\"Trae tu caf\u00e9 a tus clientes Chilenos\" \/>\n\n\t\t\t\t\t\t\t<input type=\"hidden\" name=\"queried_id\" value=\"8733\"\/>\n\t\t\t\n\t\t\t<div class=\"elementor-form-fields-wrapper elementor-labels-above\">\n\t\t\t\t\t\t\t\t<div class=\"elementor-field-type-step elementor-field-group elementor-column elementor-field-group-field_ed83e74 elementor-col-100\">\n\t\t\t\t\t\t\t<div class=\"e-field-step elementor-hidden\" data-label=\"Datos de Contacto\" data-previousButton=\"\" data-nextButton=\"\" data-iconUrl=\"\" data-iconLibrary=\"fas fa-star\" data-icon=\"&lt;svg class=&quot;e-font-icon-svg e-fas-star&quot; viewBox=&quot;0 0 576 512&quot; xmlns=&quot;http:\/\/www.w3.org\/2000\/svg&quot;&gt;&lt;path d=&quot;M259.3 17.8L194 150.2 47.9 171.5c-26.2 3.8-36.7 36.1-17.7 54.6l105.7 103-25 145.5c-4.5 26.3 23.2 46 46.4 33.7L288 439.6l130.7 68.7c23.2 12.2 50.9-7.4 46.4-33.7l-25-145.5 105.7-103c19-18.5 8.5-50.8-17.7-54.6L382 150.2 316.7 17.8c-11.7-23.6-45.6-23.9-57.4 0z&quot;&gt;&lt;\/path&gt;&lt;\/svg&gt;\" ><\/div>\n\n\t\t\t\t\t\t<\/div>\n\t\t\t\t\t\t\t\t<div class=\"elementor-field-type-text elementor-field-group elementor-column elementor-field-group-name elementor-col-100 elementor-field-required elementor-mark-required\">\n\t\t\t\t\t\t\t\t\t\t\t\t<label for=\"form-field-name\" class=\"elementor-field-label\">\n\t\t\t\t\t\t\t\tNombre Completo del Contacto\t\t\t\t\t\t\t<\/label>\n\t\t\t\t\t\t\t\t\t\t\t\t\t\t<input size=\"1\" type=\"text\" name=\"form_fields[name]\" id=\"form-field-name\" class=\"elementor-field elementor-size-sm  elementor-field-textual\" placeholder=\"Nombre Completo del Contacto\" required=\"required\">\n\t\t\t\t\t\t\t\t\t\t\t<\/div>\n\t\t\t\t\t\t\t\t<div class=\"elementor-field-type-text elementor-field-group elementor-column elementor-field-group-field_75eccac elementor-col-100\">\n\t\t\t\t\t\t\t\t\t\t\t\t<label for=\"form-field-field_75eccac\" class=\"elementor-field-label\">\n\t\t\t\t\t\t\t\tNombre de la Compa\u00f1\u00eda \/ Finca\t\t\t\t\t\t\t<\/label>\n\t\t\t\t\t\t\t\t\t\t\t\t\t\t<input size=\"1\" type=\"text\" name=\"form_fields[field_75eccac]\" id=\"form-field-field_75eccac\" class=\"elementor-field elementor-size-sm  elementor-field-textual\" placeholder=\"Nombre de la Compa\u00f1\u00eda \/ Finca\">\n\t\t\t\t\t\t\t\t\t\t\t<\/div>\n\t\t\t\t\t\t\t\t<div class=\"elementor-field-type-email elementor-field-group elementor-column elementor-field-group-email elementor-col-100 elementor-field-required elementor-mark-required\">\n\t\t\t\t\t\t\t\t\t\t\t\t<label for=\"form-field-email\" class=\"elementor-field-label\">\n\t\t\t\t\t\t\t\tEmail\t\t\t\t\t\t\t<\/label>\n\t\t\t\t\t\t\t\t\t\t\t\t\t\t<input size=\"1\" type=\"email\" name=\"form_fields[email]\" id=\"form-field-email\" class=\"elementor-field elementor-size-sm  elementor-field-textual\" placeholder=\"Email\" required=\"required\">\n\t\t\t\t\t\t\t\t\t\t\t<\/div>\n\t\t\t\t\t\t\t\t<div class=\"elementor-field-type-textarea elementor-field-group elementor-column elementor-field-group-field_9959e7b elementor-col-100\">\n\t\t\t\t\t\t\t\t\t\t\t\t<label for=\"form-field-field_9959e7b\" class=\"elementor-field-label\">\n\t\t\t\t\t\t\t\tPa\u00eds de Origen \/ Exportaci\u00f3n\t\t\t\t\t\t\t<\/label>\n\t\t\t\t\t\t<textarea class=\"elementor-field-textual elementor-field  elementor-size-sm\" name=\"form_fields[field_9959e7b]\" id=\"form-field-field_9959e7b\" rows=\"1\" placeholder=\"Pa\u00eds de Origen \/ Exportaci\u00f3n\"><\/textarea>\t\t\t\t<\/div>\n\t\t\t\t\t\t\t\t<div class=\"elementor-field-type-textarea elementor-field-group elementor-column elementor-field-group-message elementor-col-100\">\n\t\t\t\t\t\t\t\t\t\t\t\t<label for=\"form-field-message\" class=\"elementor-field-label\">\n\t\t\t\t\t\t\t\tWhatsApp o Tel\u00e9fono (con c\u00f3digo de pa\u00eds)\t\t\t\t\t\t\t<\/label>\n\t\t\t\t\t\t<textarea class=\"elementor-field-textual elementor-field  elementor-size-sm\" name=\"form_fields[message]\" id=\"form-field-message\" rows=\"1\" placeholder=\"WhatsApp o Tel\u00e9fono (con c\u00f3digo de pa\u00eds)\"><\/textarea>\t\t\t\t<\/div>\n\t\t\t\t\t\t\t\t<div class=\"elementor-field-type-step elementor-field-group elementor-column elementor-field-group-field_e038273 elementor-col-100\">\n\t\t\t\t\t\t\t<div class=\"e-field-step elementor-hidden\" data-label=\"Detalles de la Oferta (Log\u00edstica)\" data-previousButton=\"\" data-nextButton=\"\" data-iconUrl=\"\" data-iconLibrary=\"fas fa-star\" data-icon=\"&lt;svg class=&quot;e-font-icon-svg e-fas-star&quot; viewBox=&quot;0 0 576 512&quot; xmlns=&quot;http:\/\/www.w3.org\/2000\/svg&quot;&gt;&lt;path d=&quot;M259.3 17.8L194 150.2 47.9 171.5c-26.2 3.8-36.7 36.1-17.7 54.6l105.7 103-25 145.5c-4.5 26.3 23.2 46 46.4 33.7L288 439.6l130.7 68.7c23.2 12.2 50.9-7.4 46.4-33.7l-25-145.5 105.7-103c19-18.5 8.5-50.8-17.7-54.6L382 150.2 316.7 17.8c-11.7-23.6-45.6-23.9-57.4 0z&quot;&gt;&lt;\/path&gt;&lt;\/svg&gt;\" ><\/div>\n\n\t\t\t\t\t\t<\/div>\n\t\t\t\t\t\t\t\t<div class=\"elementor-field-type-textarea elementor-field-group elementor-column elementor-field-group-field_188ddc2 elementor-col-100\">\n\t\t\t\t\t\t\t\t\t\t\t\t<label for=\"form-field-field_188ddc2\" class=\"elementor-field-label\">\n\t\t\t\t\t\t\t\tVolumen Estimado de Env\u00edo (en sacos de 60kg o kg)\t\t\t\t\t\t\t<\/label>\n\t\t\t\t\t\t<textarea class=\"elementor-field-textual elementor-field  elementor-size-sm\" name=\"form_fields[field_188ddc2]\" id=\"form-field-field_188ddc2\" rows=\"2\" placeholder=\"Volumen Estimado de Env\u00edo (en sacos de 60kg o kg)\"><\/textarea>\t\t\t\t<\/div>\n\t\t\t\t\t\t\t\t<div class=\"elementor-field-type-textarea elementor-field-group elementor-column elementor-field-group-field_642ee8a elementor-col-100\">\n\t\t\t\t\t\t\t\t\t\t\t\t<label for=\"form-field-field_642ee8a\" class=\"elementor-field-label\">\n\t\t\t\t\t\t\t\tTipo de Caf\u00e9 y Proceso\t\t\t\t\t\t\t<\/label>\n\t\t\t\t\t\t<textarea class=\"elementor-field-textual elementor-field  elementor-size-sm\" name=\"form_fields[field_642ee8a]\" id=\"form-field-field_642ee8a\" rows=\"1\" placeholder=\"Tipo de Caf\u00e9 y Proceso\"><\/textarea>\t\t\t\t<\/div>\n\t\t\t\t\t\t\t\t<div class=\"elementor-field-type-textarea elementor-field-group elementor-column elementor-field-group-field_cd61d14 elementor-col-100\">\n\t\t\t\t\t\t\t\t\t\t\t\t<label for=\"form-field-field_cd61d14\" class=\"elementor-field-label\">\n\t\t\t\t\t\t\t\tFrecuencia de Exportaci\u00f3n a Chile\t\t\t\t\t\t\t<\/label>\n\t\t\t\t\t\t<textarea class=\"elementor-field-textual elementor-field  elementor-size-sm\" name=\"form_fields[field_cd61d14]\" id=\"form-field-field_cd61d14\" rows=\"1\" placeholder=\"Frecuencia de Exportaci\u00f3n a Chile\"><\/textarea>\t\t\t\t<\/div>\n\t\t\t\t\t\t\t\t<div class=\"elementor-field-type-textarea elementor-field-group elementor-column elementor-field-group-field_864974b elementor-col-100\">\n\t\t\t\t\t\t\t\t\t\t\t\t<label for=\"form-field-field_864974b\" class=\"elementor-field-label\">\n\t\t\t\t\t\t\t\tCertificaciones (Org\u00e1nico, Fair Trade, etc.)\t\t\t\t\t\t\t<\/label>\n\t\t\t\t\t\t<textarea class=\"elementor-field-textual elementor-field  elementor-size-sm\" name=\"form_fields[field_864974b]\" id=\"form-field-field_864974b\" rows=\"1\" placeholder=\"Certificaciones (Org\u00e1nico, Fair Trade, etc.)\"><\/textarea>\t\t\t\t<\/div>\n\t\t\t\t\t\t\t\t<div class=\"elementor-field-type-textarea elementor-field-group elementor-column elementor-field-group-field_d6bca24 elementor-col-100\">\n\t\t\t\t\t\t\t\t\t\t\t\t<label for=\"form-field-field_d6bca24\" class=\"elementor-field-label\">\n\t\t\t\t\t\t\t\tTipo de Empaque (Sacos de yute, cajas, etc.)\t\t\t\t\t\t\t<\/label>\n\t\t\t\t\t\t<textarea class=\"elementor-field-textual elementor-field  elementor-size-sm\" name=\"form_fields[field_d6bca24]\" id=\"form-field-field_d6bca24\" rows=\"2\" placeholder=\"Tipo de Empaque (Sacos de yute, cajas, etc.)\"><\/textarea>\t\t\t\t<\/div>\n\t\t\t\t\t\t\t\t<div class=\"elementor-field-type-textarea elementor-field-group elementor-column elementor-field-group-field_27caa2c elementor-col-100\">\n\t\t\t\t\t\t\t\t\t\t\t\t<label for=\"form-field-field_27caa2c\" class=\"elementor-field-label\">\n\t\t\t\t\t\t\t\t\u00bfEl caf\u00e9 tiene comprador en Chile?\t\t\t\t\t\t\t<\/label>\n\t\t\t\t\t\t<textarea class=\"elementor-field-textual elementor-field  elementor-size-sm\" name=\"form_fields[field_27caa2c]\" id=\"form-field-field_27caa2c\" rows=\"2\" placeholder=\"\u00bfEl caf\u00e9 tiene comprador en Chile?\"><\/textarea>\t\t\t\t<\/div>\n\t\t\t\t\t\t\t\t<div class=\"elementor-field-type-step elementor-field-group elementor-column elementor-field-group-field_856c8da elementor-col-100\">\n\t\t\t\t\t\t\t<div class=\"e-field-step elementor-hidden\" data-label=\"Asistencia Requerida\" data-previousButton=\"\" data-nextButton=\"\" data-iconUrl=\"\" data-iconLibrary=\"fas fa-star\" data-icon=\"&lt;svg class=&quot;e-font-icon-svg e-fas-star&quot; viewBox=&quot;0 0 576 512&quot; xmlns=&quot;http:\/\/www.w3.org\/2000\/svg&quot;&gt;&lt;path d=&quot;M259.3 17.8L194 150.2 47.9 171.5c-26.2 3.8-36.7 36.1-17.7 54.6l105.7 103-25 145.5c-4.5 26.3 23.2 46 46.4 33.7L288 439.6l130.7 68.7c23.2 12.2 50.9-7.4 46.4-33.7l-25-145.5 105.7-103c19-18.5 8.5-50.8-17.7-54.6L382 150.2 316.7 17.8c-11.7-23.6-45.6-23.9-57.4 0z&quot;&gt;&lt;\/path&gt;&lt;\/svg&gt;\" ><\/div>\n\n\t\t\t\t\t\t<\/div>\n\t\t\t\t\t\t\t\t<div class=\"elementor-field-type-checkbox elementor-field-group elementor-column elementor-field-group-field_3e12a6e elementor-col-100\">\n\t\t\t\t\t\t\t\t\t\t\t\t<label for=\"form-field-field_3e12a6e\" class=\"elementor-field-label\">\n\t\t\t\t\t\t\t\t\u00bfQu\u00e9 tipo de asistencia necesita?\t\t\t\t\t\t\t<\/label>\n\t\t\t\t\t\t<div class=\"elementor-field-subgroup  \"><span class=\"elementor-field-option\"><input type=\"checkbox\" value=\"Log\u00edstica (Flete y Desconsolidaci\u00f3n)\t\" id=\"form-field-field_3e12a6e-0\" name=\"form_fields[field_3e12a6e][]\"> <label for=\"form-field-field_3e12a6e-0\">Log\u00edstica (Flete y Desconsolidaci\u00f3n)\t<\/label><\/span><span class=\"elementor-field-option\"><input type=\"checkbox\" value=\"Aduana (IOR y Tr\u00e1mites de Importaci\u00f3n)\t\" id=\"form-field-field_3e12a6e-1\" name=\"form_fields[field_3e12a6e][]\"> <label for=\"form-field-field_3e12a6e-1\">Aduana (IOR y Tr\u00e1mites de Importaci\u00f3n)\t<\/label><\/span><span class=\"elementor-field-option\"><input type=\"checkbox\" value=\"Soporte Transaccional (Gesti\u00f3n de Pagos)\t\" id=\"form-field-field_3e12a6e-2\" name=\"form_fields[field_3e12a6e][]\"> <label for=\"form-field-field_3e12a6e-2\">Soporte Transaccional (Gesti\u00f3n de Pagos)\t<\/label><\/span><span class=\"elementor-field-option\"><input type=\"checkbox\" value=\"Todo lo anterior\" id=\"form-field-field_3e12a6e-3\" name=\"form_fields[field_3e12a6e][]\"> <label for=\"form-field-field_3e12a6e-3\">Todo lo anterior<\/label><\/span><\/div>\t\t\t\t<\/div>\n\t\t\t\t\t\t\t\t<div class=\"elementor-field-type-textarea elementor-field-group elementor-column elementor-field-group-field_0ccb826 elementor-col-100\">\n\t\t\t\t\t\t\t\t\t\t\t\t<label for=\"form-field-field_0ccb826\" class=\"elementor-field-label\">\n\t\t\t\t\t\t\t\tDetalles Adicionales o Preguntas\t\t\t\t\t\t\t<\/label>\n\t\t\t\t\t\t<textarea class=\"elementor-field-textual elementor-field  elementor-size-sm\" name=\"form_fields[field_0ccb826]\" id=\"form-field-field_0ccb826\" rows=\"4\" placeholder=\"Detalles Adicionales o Preguntas\"><\/textarea>\t\t\t\t<\/div>\n\t\t\t\t\t\t\t\t<div class=\"elementor-field-group elementor-column elementor-field-type-submit elementor-col-30 e-form__buttons\">\n\t\t\t\t\t<button class=\"elementor-button elementor-size-sm\" type=\"submit\">\n\t\t\t\t\t\t<span class=\"elementor-button-content-wrapper\">\n\t\t\t\t\t\t\t\t\t\t\t\t\t\t\t\t\t\t\t\t\t\t<span class=\"elementor-button-text\">Submit<\/span>\n\t\t\t\t\t\t\t\t\t\t\t\t\t<\/span>\n\t\t\t\t\t<\/button>\n\t\t\t\t<\/div>\n\t\t\t<\/div>\n\t\t<\/form>\n\t\t\t\t\t\t<\/div>\n\t\t\t\t<\/div>\n\t\t\t\t\t<\/div>\n\t\t<\/div>\n\t\t\t\t\t<\/div>\n\t\t<\/section>\n\t\t\t\t\t<\/div>\n\t\t<\/div>\n\t\t\t\t\t<\/div>\n\t\t<\/section>\n\t\t\t\t<\/div>\n\t\t","protected":false},"excerpt":{"rendered":"<p>Solucione las Dificultades de sus Clientes en Chile: Log\u00edstica, Aduana y Transacciones Consolidada Como exportador, sus clientes chilenos a menudo enfrentan dos grandes problemas al comprar caf\u00e9: el alto costo de los env\u00edos peque\u00f1os (LCL) y la complejidad de la importaci\u00f3n. Andaterra ofrece la soluci\u00f3n perfecta, permiti\u00e9ndole aumentar sus ventas en Chile. El Problema del [&hellip;]<\/p>\n","protected":false},"author":1,"featured_media":0,"parent":0,"menu_order":0,"comment_status":"closed","ping_status":"closed","template":"","meta":{"om_disable_all_campaigns":false,"footnotes":""},"class_list":["post-8733","page","type-page","status-publish","hentry"],"_links":{"self":[{"href":"https:\/\/andaterra.cl\/bl\/wp-json\/wp\/v2\/pages\/8733","targetHints":{"allow":["GET"]}}],"collection":[{"href":"https:\/\/andaterra.cl\/bl\/wp-json\/wp\/v2\/pages"}],"about":[{"href":"https:\/\/andaterra.cl\/bl\/wp-json\/wp\/v2\/types\/page"}],"author":[{"embeddable":true,"href":"https:\/\/andaterra.cl\/bl\/wp-json\/wp\/v2\/users\/1"}],"replies":[{"embeddable":true,"href":"https:\/\/andaterra.cl\/bl\/wp-json\/wp\/v2\/comments?post=8733"}],"version-history":[{"count":15,"href":"https:\/\/andaterra.cl\/bl\/wp-json\/wp\/v2\/pages\/8733\/revisions"}],"predecessor-version":[{"id":8758,"href":"https:\/\/andaterra.cl\/bl\/wp-json\/wp\/v2\/pages\/8733\/revisions\/8758"}],"wp:attachment":[{"href":"https:\/\/andaterra.cl\/bl\/wp-json\/wp\/v2\/media?parent=8733"}],"curies":[{"name":"wp","href":"https:\/\/api.w.org\/{rel}","templated":true}]}}