{"id":8766,"date":"2025-11-13T15:04:27","date_gmt":"2025-11-13T18:04:27","guid":{"rendered":"https:\/\/andaterra.cl\/?page_id=8766"},"modified":"2025-11-13T15:15:12","modified_gmt":"2025-11-13T18:15:12","slug":"cotiza-tu-cafe-brasileno","status":"publish","type":"page","link":"https:\/\/andaterra.cl\/bl\/cotiza-tu-cafe-brasileno\/","title":{"rendered":"Cotiza tu caf\u00e9 Brasile\u00f1o"},"content":{"rendered":"\t\t<div data-elementor-type=\"wp-page\" data-elementor-id=\"8766\" class=\"elementor elementor-8766\" data-elementor-post-type=\"page\">\n\t\t\t\t<div class=\"elementor-element elementor-element-0f61935 e-flex e-con-boxed e-con e-parent\" data-id=\"0f61935\" data-element_type=\"container\" data-e-type=\"container\">\n\t\t\t\t\t<div class=\"e-con-inner\">\n\t\t\t\t<div class=\"elementor-element elementor-element-fd8d7d1 elementor-widget elementor-widget-heading\" data-id=\"fd8d7d1\" data-element_type=\"widget\" data-e-type=\"widget\" data-widget_type=\"heading.default\">\n\t\t\t\t<div class=\"elementor-widget-container\">\n\t\t\t\t\t<h1 class=\"elementor-heading-title elementor-size-default\">Cotiza tu Caf\u00e9 de Brasil: Log\u00edstica y Precio a tu Medida\u200b<\/h1>\t\t\t\t<\/div>\n\t\t\t\t<\/div>\n\t\t\t\t\t<\/div>\n\t\t\t\t<\/div>\n\t\t\t\t<section class=\"elementor-section elementor-top-section elementor-element elementor-element-2df4a55 elementor-section-boxed elementor-section-height-default elementor-section-height-default\" data-id=\"2df4a55\" data-element_type=\"section\" data-e-type=\"section\" data-settings=\"{&quot;background_background&quot;:&quot;classic&quot;}\">\n\t\t\t\t\t\t<div class=\"elementor-container elementor-column-gap-default\">\n\t\t\t\t\t<div class=\"elementor-column elementor-col-100 elementor-top-column elementor-element elementor-element-62b9e81\" data-id=\"62b9e81\" data-element_type=\"column\" data-e-type=\"column\">\n\t\t\t<div class=\"elementor-widget-wrap elementor-element-populated\">\n\t\t\t\t\t\t<section class=\"elementor-section elementor-inner-section elementor-element elementor-element-b64673f elementor-section-boxed elementor-section-height-default elementor-section-height-default\" data-id=\"b64673f\" data-element_type=\"section\" data-e-type=\"section\" data-settings=\"{&quot;background_background&quot;:&quot;classic&quot;}\">\n\t\t\t\t\t\t<div class=\"elementor-container elementor-column-gap-default\">\n\t\t\t\t\t<div class=\"elementor-column elementor-col-50 elementor-inner-column elementor-element elementor-element-7ea3435\" data-id=\"7ea3435\" data-element_type=\"column\" data-e-type=\"column\">\n\t\t\t<div class=\"elementor-widget-wrap elementor-element-populated\">\n\t\t\t\t\t\t<div class=\"elementor-element elementor-element-ee5ee31 elementor-widget elementor-widget-text-editor\" data-id=\"ee5ee31\" data-element_type=\"widget\" data-e-type=\"widget\" data-widget_type=\"text-editor.default\">\n\t\t\t\t<div class=\"elementor-widget-container\">\n\t\t\t\t\t\t\t\t\t<p>\u00a0<\/p><main><\/main><p>\u00a0<\/p><p>En <span class=\"destacado\">Andaterra<\/span>, entendemos que el caf\u00e9 de Brasil es la base de la operaci\u00f3n de muchos tostadores chilenos. Sin embargo, la brecha entre el origen y su tostadora a menudo est\u00e1 llena de costos ocultos y tr\u00e1mites aduaneros complejos.<\/p><h2>Soluci\u00f3n Integral: Sourcing y Log\u00edstica (LAAS) en un Solo Lugar<\/h2><p>Gracias a una **extensa red de socios en Brasil**, no solo te conectamos con el caf\u00e9 de alta calidad que necesitas, sino que optimizamos cada paso de la cadena de suministro.<\/p><h3>\u00bfPor qu\u00e9 cotizar tu caf\u00e9 de Brasil con Andaterra?<\/h3><ul><li><strong>Precios M\u00e1s Competitivos:<\/strong> Nuestro modelo se basa en la <b>optimizaci\u00f3n de toda la cadena<\/b>, no en pagar menos a los productores. Al gestionar caf\u00e9 que a\u00fan est\u00e1 en origen, eliminamos costos de *warehouse* y tr\u00e1nsitos innecesarios. Te cotizamos el caf\u00e9 con un <span class=\"seo-keyword\">Incoterm final<\/span> (como CIF o DAP en tu bodega), para que conozcas el costo real y total desde el inicio.<\/li><li><strong>Cero Complejidad Aduanera:<\/strong> Nos encargamos de todos los tr\u00e1mites de <span class=\"seo-keyword\">importaci\u00f3n de caf\u00e9 verde a Chile<\/span>, actuando como tu <span class=\"seo-keyword\">Importador de Registro (IOR)<\/span> si lo necesitas.<\/li><li><strong>Soporte Log\u00edstico (LAAS):<\/strong> Nuestra experiencia en <span class=\"seo-keyword\">Log\u00edstica como Servicio<\/span> y conocimiento del caf\u00e9, garantiza que el manejo y flete sean los m\u00e1s eficientes del mercado.<\/li><li><strong>Calidad Asegurada:<\/strong> Nuestra trayectoria (validada por premios de tueste) te garantiza que sabemos qu\u00e9 perfiles de Brasil funcionan mejor y c\u00f3mo manejarlos.<\/li><\/ul><h2><span style=\"color: inherit; font-family: inherit; font-size: 2rem; letter-spacing: -0.6px;\">Muestras Gratuitas: Cata y Decisi\u00f3n sin Riesgos<\/span><\/h2><p>Queremos que tomes la mejor decisi\u00f3n posible. Con gusto gestionaremos y enviaremos <span class=\"seo-keyword\">muestras de caf\u00e9 de Brasil sin costo<\/span> a tu direcci\u00f3n en Chile.<\/p><p><span class=\"llamada-accion\"><br \/>\u00a1Pregunta por precios y solicita tus muestras hoy mismo!<br \/><\/span><\/p><p>\u00a0<\/p>\t\t\t\t\t\t\t\t<\/div>\n\t\t\t\t<\/div>\n\t\t\t\t\t<\/div>\n\t\t<\/div>\n\t\t\t\t<div class=\"elementor-column elementor-col-50 elementor-inner-column elementor-element elementor-element-f68d360\" data-id=\"f68d360\" data-element_type=\"column\" data-e-type=\"column\">\n\t\t\t<div class=\"elementor-widget-wrap elementor-element-populated\">\n\t\t\t\t\t\t<div class=\"elementor-element elementor-element-d245139 elementor-widget elementor-widget-heading\" data-id=\"d245139\" data-element_type=\"widget\" data-e-type=\"widget\" data-widget_type=\"heading.default\">\n\t\t\t\t<div class=\"elementor-widget-container\">\n\t\t\t\t\t<h2 class=\"elementor-heading-title elementor-size-default\">Llena este formulario<\/h2>\t\t\t\t<\/div>\n\t\t\t\t<\/div>\n\t\t\t\t<div class=\"elementor-element elementor-element-82e7152 elementor-button-align-stretch elementor-widget elementor-widget-form\" data-id=\"82e7152\" data-element_type=\"widget\" data-e-type=\"widget\" data-settings=\"{&quot;button_width&quot;:&quot;30&quot;,&quot;step_next_label&quot;:&quot;Next&quot;,&quot;step_previous_label&quot;:&quot;Previous&quot;,&quot;step_type&quot;:&quot;number_text&quot;,&quot;step_icon_shape&quot;:&quot;circle&quot;}\" data-widget_type=\"form.default\">\n\t\t\t\t<div class=\"elementor-widget-container\">\n\t\t\t\t\t\t\t<form class=\"elementor-form\" method=\"post\" name=\"New Form\" aria-label=\"New Form\">\n\t\t\t<input type=\"hidden\" name=\"post_id\" value=\"8766\"\/>\n\t\t\t<input type=\"hidden\" name=\"form_id\" value=\"82e7152\"\/>\n\t\t\t<input type=\"hidden\" name=\"referer_title\" value=\"Cotiza tu caf\u00e9 Brasile\u00f1o\" \/>\n\n\t\t\t\t\t\t\t<input type=\"hidden\" name=\"queried_id\" value=\"8766\"\/>\n\t\t\t\n\t\t\t<div class=\"elementor-form-fields-wrapper elementor-labels-above\">\n\t\t\t\t\t\t\t\t<div class=\"elementor-field-type-step elementor-field-group elementor-column elementor-field-group-name elementor-col-100\">\n\t\t\t\t\t\t\t<div class=\"e-field-step elementor-hidden\" data-label=\"Datos de Contacto\" data-previousButton=\"\" data-nextButton=\"\" data-iconUrl=\"\" data-iconLibrary=\"fas fa-star\" data-icon=\"&lt;svg class=&quot;e-font-icon-svg e-fas-star&quot; viewBox=&quot;0 0 576 512&quot; xmlns=&quot;http:\/\/www.w3.org\/2000\/svg&quot;&gt;&lt;path d=&quot;M259.3 17.8L194 150.2 47.9 171.5c-26.2 3.8-36.7 36.1-17.7 54.6l105.7 103-25 145.5c-4.5 26.3 23.2 46 46.4 33.7L288 439.6l130.7 68.7c23.2 12.2 50.9-7.4 46.4-33.7l-25-145.5 105.7-103c19-18.5 8.5-50.8-17.7-54.6L382 150.2 316.7 17.8c-11.7-23.6-45.6-23.9-57.4 0z&quot;&gt;&lt;\/path&gt;&lt;\/svg&gt;\" ><\/div>\n\n\t\t\t\t\t\t<\/div>\n\t\t\t\t\t\t\t\t<div class=\"elementor-field-type-text elementor-field-group elementor-column elementor-field-group-field_7dffc5f elementor-col-100 elementor-field-required elementor-mark-required\">\n\t\t\t\t\t\t\t\t\t\t\t\t<label for=\"form-field-field_7dffc5f\" class=\"elementor-field-label\">\n\t\t\t\t\t\t\t\tNombre\t\t\t\t\t\t\t<\/label>\n\t\t\t\t\t\t\t\t\t\t\t\t\t\t<input size=\"1\" type=\"text\" name=\"form_fields[field_7dffc5f]\" id=\"form-field-field_7dffc5f\" class=\"elementor-field elementor-size-sm  elementor-field-textual\" placeholder=\"Nombre\" required=\"required\">\n\t\t\t\t\t\t\t\t\t\t\t<\/div>\n\t\t\t\t\t\t\t\t<div class=\"elementor-field-type-text elementor-field-group elementor-column elementor-field-group-field_732ea67 elementor-col-100 elementor-field-required elementor-mark-required\">\n\t\t\t\t\t\t\t\t\t\t\t\t<label for=\"form-field-field_732ea67\" class=\"elementor-field-label\">\n\t\t\t\t\t\t\t\tNombre de su Empresa \/ Tostadur\u00eda\t\t\t\t\t\t\t<\/label>\n\t\t\t\t\t\t\t\t\t\t\t\t\t\t<input size=\"1\" type=\"text\" name=\"form_fields[field_732ea67]\" id=\"form-field-field_732ea67\" class=\"elementor-field elementor-size-sm  elementor-field-textual\" placeholder=\"Nombre de su Empresa \/ Tostadur\u00eda\" required=\"required\">\n\t\t\t\t\t\t\t\t\t\t\t<\/div>\n\t\t\t\t\t\t\t\t<div class=\"elementor-field-type-text elementor-field-group elementor-column elementor-field-group-field_670ca7f elementor-col-100 elementor-field-required elementor-mark-required\">\n\t\t\t\t\t\t\t\t\t\t\t\t<label for=\"form-field-field_670ca7f\" class=\"elementor-field-label\">\n\t\t\t\t\t\t\t\tR.U.T.\t\t\t\t\t\t\t<\/label>\n\t\t\t\t\t\t\t\t\t\t\t\t\t\t<input size=\"1\" type=\"text\" name=\"form_fields[field_670ca7f]\" id=\"form-field-field_670ca7f\" class=\"elementor-field elementor-size-sm  elementor-field-textual\" placeholder=\"R.U.T.\" required=\"required\">\n\t\t\t\t\t\t\t\t\t\t\t<\/div>\n\t\t\t\t\t\t\t\t<div class=\"elementor-field-type-email elementor-field-group elementor-column elementor-field-group-email elementor-col-100 elementor-field-required elementor-mark-required\">\n\t\t\t\t\t\t\t\t\t\t\t\t<label for=\"form-field-email\" class=\"elementor-field-label\">\n\t\t\t\t\t\t\t\tEmail\t\t\t\t\t\t\t<\/label>\n\t\t\t\t\t\t\t\t\t\t\t\t\t\t<input size=\"1\" type=\"email\" name=\"form_fields[email]\" id=\"form-field-email\" class=\"elementor-field elementor-size-sm  elementor-field-textual\" placeholder=\"Email\" required=\"required\">\n\t\t\t\t\t\t\t\t\t\t\t<\/div>\n\t\t\t\t\t\t\t\t<div class=\"elementor-field-type-textarea elementor-field-group elementor-column elementor-field-group-message elementor-col-100\">\n\t\t\t\t\t\t\t\t\t\t\t\t<label for=\"form-field-message\" class=\"elementor-field-label\">\n\t\t\t\t\t\t\t\tWhatsApp (Para contacto r\u00e1pido)\t\t\t\t\t\t\t<\/label>\n\t\t\t\t\t\t<textarea class=\"elementor-field-textual elementor-field  elementor-size-sm\" name=\"form_fields[message]\" id=\"form-field-message\" rows=\"1\" placeholder=\"WhatsApp (Para contacto r\u00e1pido)\"><\/textarea>\t\t\t\t<\/div>\n\t\t\t\t\t\t\t\t<div class=\"elementor-field-type-step elementor-field-group elementor-column elementor-field-group-field_452e0ef elementor-col-100\">\n\t\t\t\t\t\t\t<div class=\"e-field-step elementor-hidden\" data-label=\"Requerimientos de Caf\u00e9\" data-previousButton=\"\" data-nextButton=\"\" data-iconUrl=\"\" data-iconLibrary=\"fas fa-star\" data-icon=\"&lt;svg class=&quot;e-font-icon-svg e-fas-star&quot; viewBox=&quot;0 0 576 512&quot; xmlns=&quot;http:\/\/www.w3.org\/2000\/svg&quot;&gt;&lt;path d=&quot;M259.3 17.8L194 150.2 47.9 171.5c-26.2 3.8-36.7 36.1-17.7 54.6l105.7 103-25 145.5c-4.5 26.3 23.2 46 46.4 33.7L288 439.6l130.7 68.7c23.2 12.2 50.9-7.4 46.4-33.7l-25-145.5 105.7-103c19-18.5 8.5-50.8-17.7-54.6L382 150.2 316.7 17.8c-11.7-23.6-45.6-23.9-57.4 0z&quot;&gt;&lt;\/path&gt;&lt;\/svg&gt;\" ><\/div>\n\n\t\t\t\t\t\t<\/div>\n\t\t\t\t\t\t\t\t<div class=\"elementor-field-type-textarea elementor-field-group elementor-column elementor-field-group-field_9959e7b elementor-col-100\">\n\t\t\t\t\t\t\t\t\t\t\t\t<label for=\"form-field-field_9959e7b\" class=\"elementor-field-label\">\n\t\t\t\t\t\t\t\tRegi\u00f3n o Finca de Inter\u00e9s en Brasil\t\t\t\t\t\t\t<\/label>\n\t\t\t\t\t\t<textarea class=\"elementor-field-textual elementor-field  elementor-size-sm\" name=\"form_fields[field_9959e7b]\" id=\"form-field-field_9959e7b\" rows=\"1\" placeholder=\"Regi\u00f3n o Finca de Inter\u00e9s en Brasil\"><\/textarea>\t\t\t\t<\/div>\n\t\t\t\t\t\t\t\t<div class=\"elementor-field-type-checkbox elementor-field-group elementor-column elementor-field-group-field_188ddc2 elementor-col-100\">\n\t\t\t\t\t\t\t\t\t\t\t\t<label for=\"form-field-field_188ddc2\" class=\"elementor-field-label\">\n\t\t\t\t\t\t\t\t\u00bfBusca Certificaciones Espec\u00edficas?\t\t\t\t\t\t\t<\/label>\n\t\t\t\t\t\t<div class=\"elementor-field-subgroup  \"><span class=\"elementor-field-option\"><input type=\"checkbox\" value=\"Rainforest\" id=\"form-field-field_188ddc2-0\" name=\"form_fields[field_188ddc2][]\"> <label for=\"form-field-field_188ddc2-0\">Rainforest<\/label><\/span><span class=\"elementor-field-option\"><input type=\"checkbox\" value=\"Org\u00e1nico\" id=\"form-field-field_188ddc2-1\" name=\"form_fields[field_188ddc2][]\"> <label for=\"form-field-field_188ddc2-1\">Org\u00e1nico<\/label><\/span><span class=\"elementor-field-option\"><input type=\"checkbox\" value=\"UTZ\" id=\"form-field-field_188ddc2-2\" name=\"form_fields[field_188ddc2][]\"> <label for=\"form-field-field_188ddc2-2\">UTZ<\/label><\/span><span class=\"elementor-field-option\"><input type=\"checkbox\" value=\"Certificaci\u00f3n de Origen\" id=\"form-field-field_188ddc2-3\" name=\"form_fields[field_188ddc2][]\"> <label for=\"form-field-field_188ddc2-3\">Certificaci\u00f3n de Origen<\/label><\/span><span class=\"elementor-field-option\"><input type=\"checkbox\" value=\"Otros\" id=\"form-field-field_188ddc2-4\" name=\"form_fields[field_188ddc2][]\"> <label for=\"form-field-field_188ddc2-4\">Otros<\/label><\/span><\/div>\t\t\t\t<\/div>\n\t\t\t\t\t\t\t\t<div class=\"elementor-field-type-textarea elementor-field-group elementor-column elementor-field-group-field_864974b elementor-col-100\">\n\t\t\t\t\t\t\t\t\t\t\t\t<label for=\"form-field-field_864974b\" class=\"elementor-field-label\">\n\t\t\t\t\t\t\t\tVolumen\/Cantidad de Caf\u00e9 (en kg o sacos)\t\t\t\t\t\t\t<\/label>\n\t\t\t\t\t\t<textarea class=\"elementor-field-textual elementor-field  elementor-size-sm\" name=\"form_fields[field_864974b]\" id=\"form-field-field_864974b\" rows=\"1\" placeholder=\"Volumen\/Cantidad de Caf\u00e9 (en kg o sacos)\"><\/textarea>\t\t\t\t<\/div>\n\t\t\t\t\t\t\t\t<div class=\"elementor-field-type-step elementor-field-group elementor-column elementor-field-group-field_20d8ada elementor-col-100\">\n\t\t\t\t\t\t\t<div class=\"e-field-step elementor-hidden\" data-label=\"Detalles Comerciales y Log\u00edsticos\" data-previousButton=\"\" data-nextButton=\"\" data-iconUrl=\"\" data-iconLibrary=\"fas fa-star\" data-icon=\"&lt;svg class=&quot;e-font-icon-svg e-fas-star&quot; viewBox=&quot;0 0 576 512&quot; xmlns=&quot;http:\/\/www.w3.org\/2000\/svg&quot;&gt;&lt;path d=&quot;M259.3 17.8L194 150.2 47.9 171.5c-26.2 3.8-36.7 36.1-17.7 54.6l105.7 103-25 145.5c-4.5 26.3 23.2 46 46.4 33.7L288 439.6l130.7 68.7c23.2 12.2 50.9-7.4 46.4-33.7l-25-145.5 105.7-103c19-18.5 8.5-50.8-17.7-54.6L382 150.2 316.7 17.8c-11.7-23.6-45.6-23.9-57.4 0z&quot;&gt;&lt;\/path&gt;&lt;\/svg&gt;\" ><\/div>\n\n\t\t\t\t\t\t<\/div>\n\t\t\t\t\t\t\t\t<div class=\"elementor-field-type-textarea elementor-field-group elementor-column elementor-field-group-field_642ee8a elementor-col-100\">\n\t\t\t\t\t\t\t\t\t\t\t\t<label for=\"form-field-field_642ee8a\" class=\"elementor-field-label\">\n\t\t\t\t\t\t\t\tCantidad Requerida (en sacos de 60kg o kg)\t\t\t\t\t\t\t<\/label>\n\t\t\t\t\t\t<textarea class=\"elementor-field-textual elementor-field  elementor-size-sm\" name=\"form_fields[field_642ee8a]\" id=\"form-field-field_642ee8a\" rows=\"1\" placeholder=\"Cantidad Requerida (en sacos de 60kg o kg)\">A\u00fan no he contactado al exportador.<\/textarea>\t\t\t\t<\/div>\n\t\t\t\t\t\t\t\t<div class=\"elementor-field-type-select elementor-field-group elementor-column elementor-field-group-field_cd61d14 elementor-col-100\">\n\t\t\t\t\t\t\t\t\t\t\t\t<label for=\"form-field-field_cd61d14\" class=\"elementor-field-label\">\n\t\t\t\t\t\t\t\tIncoterm de Inter\u00e9s para la Cotizaci\u00f3n\t\t\t\t\t\t\t<\/label>\n\t\t\t\t\t\t\t\t<div class=\"elementor-field elementor-select-wrapper remove-before \">\n\t\t\t<div class=\"select-caret-down-wrapper\">\n\t\t\t\t<svg aria-hidden=\"true\" class=\"e-font-icon-svg e-eicon-caret-down\" viewBox=\"0 0 571.4 571.4\" xmlns=\"http:\/\/www.w3.org\/2000\/svg\"><path d=\"M571 393Q571 407 561 418L311 668Q300 679 286 679T261 668L11 418Q0 407 0 393T11 368 36 357H536Q550 357 561 368T571 393Z\"><\/path><\/svg>\t\t\t<\/div>\n\t\t\t<select name=\"form_fields[field_cd61d14]\" id=\"form-field-field_cd61d14\" class=\"elementor-field-textual elementor-size-sm\">\n\t\t\t\t\t\t\t\t\t<option value=\"DDP\/DAP\">DDP\/DAP<\/option>\n\t\t\t\t\t\t\t\t\t<option value=\"FOB\">FOB<\/option>\n\t\t\t\t\t\t\t\t\t<option value=\"CIF\">CIF<\/option>\n\t\t\t\t\t\t\t<\/select>\n\t\t<\/div>\n\t\t\t\t\t\t<\/div>\n\t\t\t\t\t\t\t\t<div class=\"elementor-field-type-textarea elementor-field-group elementor-column elementor-field-group-field_d6bca24 elementor-col-100\">\n\t\t\t\t\t\t\t\t\t\t\t\t<label for=\"form-field-field_d6bca24\" class=\"elementor-field-label\">\n\t\t\t\t\t\t\t\tFecha Estimada de Llegada a Chile\t\t\t\t\t\t\t<\/label>\n\t\t\t\t\t\t<textarea class=\"elementor-field-textual elementor-field  elementor-size-sm\" name=\"form_fields[field_d6bca24]\" id=\"form-field-field_d6bca24\" rows=\"2\" placeholder=\"Fecha Estimada de Llegada a Chile\"><\/textarea>\t\t\t\t<\/div>\n\t\t\t\t\t\t\t\t<div class=\"elementor-field-type-step elementor-field-group elementor-column elementor-field-group-field_5dce3ed elementor-col-100\">\n\t\t\t\t\t\t\t<div class=\"e-field-step elementor-hidden\" data-label=\"Muestras\" data-previousButton=\"\" data-nextButton=\"\" data-iconUrl=\"\" data-iconLibrary=\"fas fa-star\" data-icon=\"&lt;svg class=&quot;e-font-icon-svg e-fas-star&quot; viewBox=&quot;0 0 576 512&quot; xmlns=&quot;http:\/\/www.w3.org\/2000\/svg&quot;&gt;&lt;path d=&quot;M259.3 17.8L194 150.2 47.9 171.5c-26.2 3.8-36.7 36.1-17.7 54.6l105.7 103-25 145.5c-4.5 26.3 23.2 46 46.4 33.7L288 439.6l130.7 68.7c23.2 12.2 50.9-7.4 46.4-33.7l-25-145.5 105.7-103c19-18.5 8.5-50.8-17.7-54.6L382 150.2 316.7 17.8c-11.7-23.6-45.6-23.9-57.4 0z&quot;&gt;&lt;\/path&gt;&lt;\/svg&gt;\" ><\/div>\n\n\t\t\t\t\t\t<\/div>\n\t\t\t\t\t\t\t\t<div class=\"elementor-field-type-radio elementor-field-group elementor-column elementor-field-group-field_27caa2c elementor-col-100\">\n\t\t\t\t\t\t\t\t\t\t\t\t<label for=\"form-field-field_27caa2c\" class=\"elementor-field-label\">\n\t\t\t\t\t\t\t\t\u00bfDesea Recibir Muestras Gratuitas?\t\t\t\t\t\t\t<\/label>\n\t\t\t\t\t\t<div class=\"elementor-field-subgroup  \"><span class=\"elementor-field-option\"><input type=\"radio\" value=\"Si\" id=\"form-field-field_27caa2c-0\" name=\"form_fields[field_27caa2c]\"> <label for=\"form-field-field_27caa2c-0\">Si<\/label><\/span><span class=\"elementor-field-option\"><input type=\"radio\" value=\"No\" id=\"form-field-field_27caa2c-1\" name=\"form_fields[field_27caa2c]\"> <label for=\"form-field-field_27caa2c-1\">No<\/label><\/span><\/div>\t\t\t\t<\/div>\n\t\t\t\t\t\t\t\t<div class=\"elementor-field-type-textarea elementor-field-group elementor-column elementor-field-group-field_0ccb826 elementor-col-100\">\n\t\t\t\t\t\t\t\t\t\t\t\t<label for=\"form-field-field_0ccb826\" class=\"elementor-field-label\">\n\t\t\t\t\t\t\t\tComentarios \/ Presupuesto M\u00e1ximo por Saco\u00c1rea de Texto\t\t\t\t\t\t\t<\/label>\n\t\t\t\t\t\t<textarea class=\"elementor-field-textual elementor-field  elementor-size-sm\" name=\"form_fields[field_0ccb826]\" id=\"form-field-field_0ccb826\" rows=\"4\" placeholder=\"Comentarios \/ Presupuesto M\u00e1ximo por Saco\u00c1rea de Texto\"><\/textarea>\t\t\t\t<\/div>\n\t\t\t\t\t\t\t\t<div class=\"elementor-field-group elementor-column elementor-field-type-submit elementor-col-30 e-form__buttons\">\n\t\t\t\t\t<button class=\"elementor-button elementor-size-sm\" type=\"submit\">\n\t\t\t\t\t\t<span class=\"elementor-button-content-wrapper\">\n\t\t\t\t\t\t\t\t\t\t\t\t\t\t\t\t\t\t\t\t\t\t<span class=\"elementor-button-text\">Submit<\/span>\n\t\t\t\t\t\t\t\t\t\t\t\t\t<\/span>\n\t\t\t\t\t<\/button>\n\t\t\t\t<\/div>\n\t\t\t<\/div>\n\t\t<\/form>\n\t\t\t\t\t\t<\/div>\n\t\t\t\t<\/div>\n\t\t\t\t\t<\/div>\n\t\t<\/div>\n\t\t\t\t\t<\/div>\n\t\t<\/section>\n\t\t\t\t\t<\/div>\n\t\t<\/div>\n\t\t\t\t\t<\/div>\n\t\t<\/section>\n\t\t\t\t<\/div>\n\t\t","protected":false},"excerpt":{"rendered":"<p>Cotiza tu Caf\u00e9 de Brasil: Log\u00edstica y Precio a tu Medida\u200b \u00a0 \u00a0 En Andaterra, entendemos que el caf\u00e9 de Brasil es la base de la operaci\u00f3n de muchos tostadores chilenos. Sin embargo, la brecha entre el origen y su tostadora a menudo est\u00e1 llena de costos ocultos y tr\u00e1mites aduaneros complejos. Soluci\u00f3n Integral: Sourcing [&hellip;]<\/p>\n","protected":false},"author":1,"featured_media":0,"parent":0,"menu_order":0,"comment_status":"closed","ping_status":"closed","template":"","meta":{"om_disable_all_campaigns":false,"footnotes":""},"class_list":["post-8766","page","type-page","status-publish","hentry"],"_links":{"self":[{"href":"https:\/\/andaterra.cl\/bl\/wp-json\/wp\/v2\/pages\/8766","targetHints":{"allow":["GET"]}}],"collection":[{"href":"https:\/\/andaterra.cl\/bl\/wp-json\/wp\/v2\/pages"}],"about":[{"href":"https:\/\/andaterra.cl\/bl\/wp-json\/wp\/v2\/types\/page"}],"author":[{"embeddable":true,"href":"https:\/\/andaterra.cl\/bl\/wp-json\/wp\/v2\/users\/1"}],"replies":[{"embeddable":true,"href":"https:\/\/andaterra.cl\/bl\/wp-json\/wp\/v2\/comments?post=8766"}],"version-history":[{"count":4,"href":"https:\/\/andaterra.cl\/bl\/wp-json\/wp\/v2\/pages\/8766\/revisions"}],"predecessor-version":[{"id":8889,"href":"https:\/\/andaterra.cl\/bl\/wp-json\/wp\/v2\/pages\/8766\/revisions\/8889"}],"wp:attachment":[{"href":"https:\/\/andaterra.cl\/bl\/wp-json\/wp\/v2\/media?parent=8766"}],"curies":[{"name":"wp","href":"https:\/\/api.w.org\/{rel}","templated":true}]}}