{"id":8844,"date":"2025-12-03T13:23:02","date_gmt":"2025-12-03T16:23:02","guid":{"rendered":"https:\/\/andaterra.cl\/?page_id=8844"},"modified":"2025-12-03T13:58:28","modified_gmt":"2025-12-03T16:58:28","slug":"contabilidad","status":"publish","type":"page","link":"https:\/\/andaterra.cl\/bl\/contabilidad\/","title":{"rendered":"Contabilidad"},"content":{"rendered":"\t\t<div data-elementor-type=\"wp-page\" data-elementor-id=\"8844\" class=\"elementor elementor-8844\" data-elementor-post-type=\"page\">\n\t\t\t\t<div class=\"elementor-element elementor-element-f266150 e-flex e-con-boxed e-con e-parent\" data-id=\"f266150\" data-element_type=\"container\" data-e-type=\"container\">\n\t\t\t\t\t<div class=\"e-con-inner\">\n\t\t\t\t\t<\/div>\n\t\t\t\t<\/div>\n\t\t\t\t<section class=\"elementor-section elementor-top-section elementor-element elementor-element-197d3d7 elementor-section-boxed elementor-section-height-default elementor-section-height-default\" data-id=\"197d3d7\" data-element_type=\"section\" data-e-type=\"section\" data-settings=\"{&quot;background_background&quot;:&quot;classic&quot;}\">\n\t\t\t\t\t\t<div class=\"elementor-container elementor-column-gap-default\">\n\t\t\t\t\t<div class=\"elementor-column elementor-col-100 elementor-top-column elementor-element elementor-element-0988e29\" data-id=\"0988e29\" data-element_type=\"column\" data-e-type=\"column\">\n\t\t\t<div class=\"elementor-widget-wrap elementor-element-populated\">\n\t\t\t\t\t\t<section class=\"elementor-section elementor-inner-section elementor-element elementor-element-8103b92 elementor-section-boxed elementor-section-height-default elementor-section-height-default\" data-id=\"8103b92\" data-element_type=\"section\" data-e-type=\"section\" data-settings=\"{&quot;background_background&quot;:&quot;classic&quot;}\">\n\t\t\t\t\t\t<div class=\"elementor-container elementor-column-gap-default\">\n\t\t\t\t\t<div class=\"elementor-column elementor-col-50 elementor-inner-column elementor-element elementor-element-686217c\" data-id=\"686217c\" data-element_type=\"column\" data-e-type=\"column\">\n\t\t\t<div class=\"elementor-widget-wrap elementor-element-populated\">\n\t\t\t\t\t\t<div class=\"elementor-element elementor-element-c5af3ea elementor-widget elementor-widget-text-editor\" data-id=\"c5af3ea\" data-element_type=\"widget\" data-e-type=\"widget\" data-widget_type=\"text-editor.default\">\n\t\t\t\t<div class=\"elementor-widget-container\">\n\t\t\t\t\t\t\t\t\t<p>&nbsp;<\/p>\n<h2><span style=\"color: inherit; font-family: inherit; font-size: 2rem; letter-spacing: -0.6px;\">Asesor\u00eda Contable Integral para Empresas y Emprendedores<\/span><\/h2>\n<p>\u00bfBuscas una contadora confiable, clara y f\u00e1cil de contactar?<br>\nBajo <strong>Andaterra<\/strong>, ofrecemos un servicio profesional de contabilidad y consultor\u00eda adaptado a cualquier tama\u00f1o de negocio.<br>\nDesde peque\u00f1as empresas hasta operaciones consolidadas, trabajamos con rigor, transparencia y tiempos claros.<\/p>\n<h3>Servicios Disponibles<\/h3>\n<ul>\n<li> Asesor\u00eda contable y financiera para la toma de decisiones<\/li>\n<li>Declaraciones y gesti\u00f3n de Operaci\u00f3n Renta<\/li>\n<li>Cumplimientos tributarios y apoyo administrativo<\/li>\n<li>Consultas y orientaci\u00f3n para tu negocio<\/li>\n<\/ul>\n<h3>\u00bfTienes dudas o necesitas una cotizaci\u00f3n?<\/h3>\n<p>Completa el formulario y cu\u00e9ntanos tu situaci\u00f3n. Respondemos de manera directa, sin rodeos, con soluciones reales y adaptadas a tu empresa.<\/p>\t\t\t\t\t\t\t\t<\/div>\n\t\t\t\t<\/div>\n\t\t\t\t\t<\/div>\n\t\t<\/div>\n\t\t\t\t<div class=\"elementor-column elementor-col-50 elementor-inner-column elementor-element elementor-element-508b66d\" data-id=\"508b66d\" data-element_type=\"column\" data-e-type=\"column\">\n\t\t\t<div class=\"elementor-widget-wrap elementor-element-populated\">\n\t\t\t\t\t\t<div class=\"elementor-element elementor-element-840ba42 elementor-widget elementor-widget-heading\" data-id=\"840ba42\" data-element_type=\"widget\" data-e-type=\"widget\" data-widget_type=\"heading.default\">\n\t\t\t\t<div class=\"elementor-widget-container\">\n\t\t\t\t\t<h2 class=\"elementor-heading-title elementor-size-default\">Llena este formulario<\/h2>\t\t\t\t<\/div>\n\t\t\t\t<\/div>\n\t\t\t\t<div class=\"elementor-element elementor-element-79cd727 elementor-button-align-stretch elementor-widget elementor-widget-form\" data-id=\"79cd727\" data-element_type=\"widget\" data-e-type=\"widget\" data-settings=\"{&quot;button_width&quot;:&quot;30&quot;,&quot;step_next_label&quot;:&quot;Next&quot;,&quot;step_previous_label&quot;:&quot;Previous&quot;,&quot;step_type&quot;:&quot;number_text&quot;,&quot;step_icon_shape&quot;:&quot;circle&quot;}\" data-widget_type=\"form.default\">\n\t\t\t\t<div class=\"elementor-widget-container\">\n\t\t\t\t\t\t\t<form class=\"elementor-form\" method=\"post\" name=\"New Form\" aria-label=\"New Form\">\n\t\t\t<input type=\"hidden\" name=\"post_id\" value=\"8844\"\/>\n\t\t\t<input type=\"hidden\" name=\"form_id\" value=\"79cd727\"\/>\n\t\t\t<input type=\"hidden\" name=\"referer_title\" value=\"Contabilidad\" \/>\n\n\t\t\t\t\t\t\t<input type=\"hidden\" name=\"queried_id\" value=\"8844\"\/>\n\t\t\t\n\t\t\t<div class=\"elementor-form-fields-wrapper elementor-labels-above\">\n\t\t\t\t\t\t\t\t<div class=\"elementor-field-type-text elementor-field-group elementor-column elementor-field-group-field_7dffc5f elementor-col-100 elementor-field-required elementor-mark-required\">\n\t\t\t\t\t\t\t\t\t\t\t\t<label for=\"form-field-field_7dffc5f\" class=\"elementor-field-label\">\n\t\t\t\t\t\t\t\tNombre\t\t\t\t\t\t\t<\/label>\n\t\t\t\t\t\t\t\t\t\t\t\t\t\t<input size=\"1\" type=\"text\" name=\"form_fields[field_7dffc5f]\" id=\"form-field-field_7dffc5f\" class=\"elementor-field elementor-size-sm  elementor-field-textual\" placeholder=\"Nombre\" required=\"required\">\n\t\t\t\t\t\t\t\t\t\t\t<\/div>\n\t\t\t\t\t\t\t\t<div class=\"elementor-field-type-text elementor-field-group elementor-column elementor-field-group-field_670ca7f elementor-col-100\">\n\t\t\t\t\t\t\t\t\t\t\t\t<label for=\"form-field-field_670ca7f\" class=\"elementor-field-label\">\n\t\t\t\t\t\t\t\tR.U.T.\t\t\t\t\t\t\t<\/label>\n\t\t\t\t\t\t\t\t\t\t\t\t\t\t<input size=\"1\" type=\"text\" name=\"form_fields[field_670ca7f]\" id=\"form-field-field_670ca7f\" class=\"elementor-field elementor-size-sm  elementor-field-textual\" placeholder=\"(Opcional)\">\n\t\t\t\t\t\t\t\t\t\t\t<\/div>\n\t\t\t\t\t\t\t\t<div class=\"elementor-field-type-email elementor-field-group elementor-column elementor-field-group-email elementor-col-100 elementor-field-required elementor-mark-required\">\n\t\t\t\t\t\t\t\t\t\t\t\t<label for=\"form-field-email\" class=\"elementor-field-label\">\n\t\t\t\t\t\t\t\tEmail\t\t\t\t\t\t\t<\/label>\n\t\t\t\t\t\t\t\t\t\t\t\t\t\t<input size=\"1\" type=\"email\" name=\"form_fields[email]\" id=\"form-field-email\" class=\"elementor-field elementor-size-sm  elementor-field-textual\" placeholder=\"Email\" required=\"required\">\n\t\t\t\t\t\t\t\t\t\t\t<\/div>\n\t\t\t\t\t\t\t\t<div class=\"elementor-field-type-textarea elementor-field-group elementor-column elementor-field-group-message elementor-col-100\">\n\t\t\t\t\t\t\t\t\t\t\t\t<label for=\"form-field-message\" class=\"elementor-field-label\">\n\t\t\t\t\t\t\t\tWhatsApp (Para contacto r\u00e1pido)\t\t\t\t\t\t\t<\/label>\n\t\t\t\t\t\t<textarea class=\"elementor-field-textual elementor-field  elementor-size-sm\" name=\"form_fields[message]\" id=\"form-field-message\" rows=\"1\" placeholder=\"(Opcional)\"><\/textarea>\t\t\t\t<\/div>\n\t\t\t\t\t\t\t\t<div class=\"elementor-field-type-checkbox elementor-field-group elementor-column elementor-field-group-field_188ddc2 elementor-col-100\">\n\t\t\t\t\t\t\t\t\t\t\t\t<label for=\"form-field-field_188ddc2\" class=\"elementor-field-label\">\n\t\t\t\t\t\t\t\tTipo de servicio que necesitas\t\t\t\t\t\t\t<\/label>\n\t\t\t\t\t\t<div class=\"elementor-field-subgroup  \"><span class=\"elementor-field-option\"><input type=\"checkbox\" value=\"Operaci\u00f3n Renta\" id=\"form-field-field_188ddc2-0\" name=\"form_fields[field_188ddc2][]\"> <label for=\"form-field-field_188ddc2-0\">Operaci\u00f3n Renta<\/label><\/span><span class=\"elementor-field-option\"><input type=\"checkbox\" value=\"Contabilidad mensual\" id=\"form-field-field_188ddc2-1\" name=\"form_fields[field_188ddc2][]\"> <label for=\"form-field-field_188ddc2-1\">Contabilidad mensual<\/label><\/span><span class=\"elementor-field-option\"><input type=\"checkbox\" value=\"Consultor\u00eda puntual\" id=\"form-field-field_188ddc2-2\" name=\"form_fields[field_188ddc2][]\"> <label for=\"form-field-field_188ddc2-2\">Consultor\u00eda puntual<\/label><\/span><span class=\"elementor-field-option\"><input type=\"checkbox\" value=\"Cumplimiento tributario\" id=\"form-field-field_188ddc2-3\" name=\"form_fields[field_188ddc2][]\"> <label for=\"form-field-field_188ddc2-3\">Cumplimiento tributario<\/label><\/span><span class=\"elementor-field-option\"><input type=\"checkbox\" value=\"Regularizaci\u00f3n \/ Revisiones\" id=\"form-field-field_188ddc2-4\" name=\"form_fields[field_188ddc2][]\"> <label for=\"form-field-field_188ddc2-4\">Regularizaci\u00f3n \/ Revisiones<\/label><\/span><\/div>\t\t\t\t<\/div>\n\t\t\t\t\t\t\t\t<div class=\"elementor-field-type-select elementor-field-group elementor-column elementor-field-group-field_d02bf63 elementor-col-100 elementor-field-required elementor-mark-required\">\n\t\t\t\t\t\t\t\t\t\t\t\t<label for=\"form-field-field_d02bf63\" class=\"elementor-field-label\">\n\t\t\t\t\t\t\t\tOperaci\u00f3n Renta  Contabilidad mensual  Consultor\u00eda puntual  Cumplimiento tributario  Regularizaci\u00f3n \/ Revisiones  Otro (con campo adicional)\t\t\t\t\t\t\t<\/label>\n\t\t\t\t\t\t\t\t<div class=\"elementor-field elementor-select-wrapper remove-before \">\n\t\t\t<div class=\"select-caret-down-wrapper\">\n\t\t\t\t<svg aria-hidden=\"true\" class=\"e-font-icon-svg e-eicon-caret-down\" viewBox=\"0 0 571.4 571.4\" xmlns=\"http:\/\/www.w3.org\/2000\/svg\"><path d=\"M571 393Q571 407 561 418L311 668Q300 679 286 679T261 668L11 418Q0 407 0 393T11 368 36 357H536Q550 357 561 368T571 393Z\"><\/path><\/svg>\t\t\t<\/div>\n\t\t\t<select name=\"form_fields[field_d02bf63]\" id=\"form-field-field_d02bf63\" class=\"elementor-field-textual elementor-size-sm\" required=\"required\">\n\t\t\t\t\t\t\t\t\t<option value=\"Persona natural (sin empresa)\">Persona natural (sin empresa)<\/option>\n\t\t\t\t\t\t\t\t\t<option value=\"\"><\/option>\n\t\t\t\t\t\t\t\t\t<option value=\"Microempresa\">Microempresa<\/option>\n\t\t\t\t\t\t\t\t\t<option value=\"\"><\/option>\n\t\t\t\t\t\t\t\t\t<option value=\"Peque\u00f1a empresa\">Peque\u00f1a empresa<\/option>\n\t\t\t\t\t\t\t\t\t<option value=\"\"><\/option>\n\t\t\t\t\t\t\t\t\t<option value=\"Mediana\">Mediana<\/option>\n\t\t\t\t\t\t\t\t\t<option value=\"\"><\/option>\n\t\t\t\t\t\t\t\t\t<option value=\"Grande \/ Consolidada\">Grande \/ Consolidada<\/option>\n\t\t\t\t\t\t\t<\/select>\n\t\t<\/div>\n\t\t\t\t\t\t<\/div>\n\t\t\t\t\t\t\t\t<div class=\"elementor-field-type-textarea elementor-field-group elementor-column elementor-field-group-field_9959e7b elementor-col-100 elementor-field-required elementor-mark-required\">\n\t\t\t\t\t\t\t\t\t\t\t\t<label for=\"form-field-field_9959e7b\" class=\"elementor-field-label\">\n\t\t\t\t\t\t\t\tDescripci\u00f3n breve de la situaci\u00f3n\t\t\t\t\t\t\t<\/label>\n\t\t\t\t\t\t<textarea class=\"elementor-field-textual elementor-field  elementor-size-sm\" name=\"form_fields[field_9959e7b]\" id=\"form-field-field_9959e7b\" rows=\"3\" placeholder=\"Cuentanos lo que necesies que sepamos\" required=\"required\"><\/textarea>\t\t\t\t<\/div>\n\t\t\t\t\t\t\t\t<div class=\"elementor-field-type-radio elementor-field-group elementor-column elementor-field-group-field_864974b elementor-col-100\">\n\t\t\t\t\t\t\t\t\t\t\t\t<label for=\"form-field-field_864974b\" class=\"elementor-field-label\">\n\t\t\t\t\t\t\t\t\u00bfPrefieres ser contactado por\u2026?\t\t\t\t\t\t\t<\/label>\n\t\t\t\t\t\t<div class=\"elementor-field-subgroup  \"><span class=\"elementor-field-option\"><input type=\"radio\" value=\"Correo\" id=\"form-field-field_864974b-0\" name=\"form_fields[field_864974b]\"> <label for=\"form-field-field_864974b-0\">Correo<\/label><\/span><span class=\"elementor-field-option\"><input type=\"radio\" value=\"WhatsApp\" id=\"form-field-field_864974b-1\" name=\"form_fields[field_864974b]\"> <label for=\"form-field-field_864974b-1\">WhatsApp<\/label><\/span><span class=\"elementor-field-option\"><input type=\"radio\" value=\"Llamada telef\u00f3nica\" id=\"form-field-field_864974b-2\" name=\"form_fields[field_864974b]\"> <label for=\"form-field-field_864974b-2\">Llamada telef\u00f3nica<\/label><\/span><\/div>\t\t\t\t<\/div>\n\t\t\t\t\t\t\t\t<div class=\"elementor-field-group elementor-column elementor-field-type-submit elementor-col-30 e-form__buttons\">\n\t\t\t\t\t<button class=\"elementor-button elementor-size-sm\" type=\"submit\">\n\t\t\t\t\t\t<span class=\"elementor-button-content-wrapper\">\n\t\t\t\t\t\t\t\t\t\t\t\t\t\t\t\t\t\t\t\t\t\t<span class=\"elementor-button-text\">Submit<\/span>\n\t\t\t\t\t\t\t\t\t\t\t\t\t<\/span>\n\t\t\t\t\t<\/button>\n\t\t\t\t<\/div>\n\t\t\t<\/div>\n\t\t<\/form>\n\t\t\t\t\t\t<\/div>\n\t\t\t\t<\/div>\n\t\t\t\t\t<\/div>\n\t\t<\/div>\n\t\t\t\t\t<\/div>\n\t\t<\/section>\n\t\t\t\t\t<\/div>\n\t\t<\/div>\n\t\t\t\t\t<\/div>\n\t\t<\/section>\n\t\t\t\t<\/div>\n\t\t","protected":false},"excerpt":{"rendered":"<p> Asesor\u00eda Contable Integral para Empresas y Emprendedores<\/p>\n","protected":false},"author":1,"featured_media":0,"parent":0,"menu_order":0,"comment_status":"closed","ping_status":"closed","template":"","meta":{"om_disable_all_campaigns":false,"footnotes":""},"class_list":["post-8844","page","type-page","status-publish","hentry"],"_links":{"self":[{"href":"https:\/\/andaterra.cl\/bl\/wp-json\/wp\/v2\/pages\/8844","targetHints":{"allow":["GET"]}}],"collection":[{"href":"https:\/\/andaterra.cl\/bl\/wp-json\/wp\/v2\/pages"}],"about":[{"href":"https:\/\/andaterra.cl\/bl\/wp-json\/wp\/v2\/types\/page"}],"author":[{"embeddable":true,"href":"https:\/\/andaterra.cl\/bl\/wp-json\/wp\/v2\/users\/1"}],"replies":[{"embeddable":true,"href":"https:\/\/andaterra.cl\/bl\/wp-json\/wp\/v2\/comments?post=8844"}],"version-history":[{"count":37,"href":"https:\/\/andaterra.cl\/bl\/wp-json\/wp\/v2\/pages\/8844\/revisions"}],"predecessor-version":[{"id":8885,"href":"https:\/\/andaterra.cl\/bl\/wp-json\/wp\/v2\/pages\/8844\/revisions\/8885"}],"wp:attachment":[{"href":"https:\/\/andaterra.cl\/bl\/wp-json\/wp\/v2\/media?parent=8844"}],"curies":[{"name":"wp","href":"https:\/\/api.w.org\/{rel}","templated":true}]}}